{"id":441,"date":"2022-04-21T18:22:40","date_gmt":"2022-04-21T17:22:40","guid":{"rendered":"https:\/\/www.evaporatif.com.tr\/es\/destek-copy\/"},"modified":"2022-04-23T14:23:11","modified_gmt":"2022-04-23T13:23:11","slug":"areas-de-uso","status":"publish","type":"page","link":"https:\/\/www.evaporatif.com.tr\/es\/areas-de-uso\/","title":{"rendered":"\u00e1reas de uso"},"content":{"rendered":"\t\t<div data-elementor-type=\"wp-page\" data-elementor-id=\"441\" class=\"elementor elementor-441\">\n\t\t\t\t\t\t<section class=\"elementor-section elementor-top-section elementor-element elementor-element-2c3f033 elementor-section-boxed elementor-section-height-default elementor-section-height-default\" data-id=\"2c3f033\" data-element_type=\"section\" data-settings=\"{&quot;background_background&quot;:&quot;classic&quot;}\">\n\t\t\t\t\t\t\t<div class=\"elementor-background-overlay\"><\/div>\n\t\t\t\t\t\t\t<div class=\"elementor-container elementor-column-gap-default\">\n\t\t\t\t\t<div class=\"elementor-column elementor-col-100 elementor-top-column elementor-element elementor-element-2f3dce6\" data-id=\"2f3dce6\" data-element_type=\"column\">\n\t\t\t<div class=\"elementor-widget-wrap elementor-element-populated\">\n\t\t\t\t\t\t<section class=\"elementor-section elementor-inner-section elementor-element elementor-element-2725242 elementor-section-boxed elementor-section-height-default elementor-section-height-default\" data-id=\"2725242\" data-element_type=\"section\">\n\t\t\t\t\t\t<div class=\"elementor-container elementor-column-gap-default\">\n\t\t\t\t\t<div class=\"elementor-column elementor-col-33 elementor-inner-column elementor-element elementor-element-7634429\" data-id=\"7634429\" data-element_type=\"column\">\n\t\t\t<div class=\"elementor-widget-wrap elementor-element-populated\">\n\t\t\t\t\t\t<div class=\"elementor-element elementor-element-f202874 elementor-widget elementor-widget-heading\" data-id=\"f202874\" data-element_type=\"widget\" data-widget_type=\"heading.default\">\n\t\t\t\t<div class=\"elementor-widget-container\">\n\t\t\t\t\t<h6 class=\"elementor-heading-title elementor-size-default\"><a href=\"https:\/\/www.evaporatif.com.tr\/es\">p\u00e1gina de inicio<\/a><\/h6>\t\t\t\t<\/div>\n\t\t\t\t<\/div>\n\t\t\t\t\t<\/div>\n\t\t<\/div>\n\t\t\t\t<div class=\"elementor-column elementor-col-33 elementor-inner-column elementor-element elementor-element-4e5e0b9\" data-id=\"4e5e0b9\" data-element_type=\"column\">\n\t\t\t<div class=\"elementor-widget-wrap elementor-element-populated\">\n\t\t\t\t\t\t<div class=\"elementor-element elementor-element-1400ed5 elementor-widget elementor-widget-heading\" data-id=\"1400ed5\" data-element_type=\"widget\" data-widget_type=\"heading.default\">\n\t\t\t\t<div class=\"elementor-widget-container\">\n\t\t\t\t\t<h6 class=\"elementor-heading-title elementor-size-default\">&gt;<\/h6>\t\t\t\t<\/div>\n\t\t\t\t<\/div>\n\t\t\t\t\t<\/div>\n\t\t<\/div>\n\t\t\t\t<div class=\"elementor-column elementor-col-33 elementor-inner-column elementor-element elementor-element-510bde1\" data-id=\"510bde1\" data-element_type=\"column\">\n\t\t\t<div class=\"elementor-widget-wrap elementor-element-populated\">\n\t\t\t\t\t\t\t<\/div>\n\t\t<\/div>\n\t\t\t\t\t<\/div>\n\t\t<\/section>\n\t\t\t\t\t<\/div>\n\t\t<\/div>\n\t\t\t\t\t<\/div>\n\t\t<\/section>\n\t\t\t\t<section class=\"elementor-section elementor-top-section elementor-element elementor-element-3f24c42e elementor-section-boxed elementor-section-height-default elementor-section-height-default\" data-id=\"3f24c42e\" data-element_type=\"section\">\n\t\t\t\t\t\t<div class=\"elementor-container elementor-column-gap-default\">\n\t\t\t\t\t<div class=\"elementor-column elementor-col-100 elementor-top-column elementor-element elementor-element-10f71f7\" data-id=\"10f71f7\" data-element_type=\"column\">\n\t\t\t<div class=\"elementor-widget-wrap elementor-element-populated\">\n\t\t\t\t\t\t\t<\/div>\n\t\t<\/div>\n\t\t\t\t\t<\/div>\n\t\t<\/section>\n\t\t\t\t<section class=\"elementor-section elementor-top-section elementor-element elementor-element-c607296 elementor-section-boxed elementor-section-height-default elementor-section-height-default\" data-id=\"c607296\" data-element_type=\"section\">\n\t\t\t\t\t\t<div class=\"elementor-container elementor-column-gap-default\">\n\t\t\t\t\t<div class=\"elementor-column elementor-col-100 elementor-top-column elementor-element elementor-element-5e188f0\" data-id=\"5e188f0\" data-element_type=\"column\">\n\t\t\t<div class=\"elementor-widget-wrap elementor-element-populated\">\n\t\t\t\t\t\t<div class=\"elementor-element elementor-element-d548199 elementor-widget elementor-widget-text-editor\" data-id=\"d548199\" data-element_type=\"widget\" data-widget_type=\"text-editor.default\">\n\t\t\t\t<div class=\"elementor-widget-container\">\n\t\t\t\t\t\t\t\t\t<ul><li><p>F\u00e1bricas y Talleres<br \/>\u00c1reas de aplicaci\u00f3n industrial<br \/>Industria automotriz y metal\u00fargica<br \/>Negocios de Alimentos<br \/>Centros comerciales<br \/>Cine, Centro de Exposiciones, Estaci\u00f3n de Autobuses<br \/>Residencias, Lugares de Trabajo, Talleres<br \/>Estacionamiento, Centros Culturales,<br \/>lugares de adoraci\u00f3n<br \/>restaurantes<br \/>Panader\u00edas, Estacionamiento, Lavander\u00eda<br \/>Invernaderos, Granjas Ganaderas<br \/>Servicios de servicio<br \/>Industria de la construcci\u00f3n naval<br \/>Industria automotriz y metal\u00fargica<br \/>Textil<br \/>Centros deportivos<br \/>Salas de exposici\u00f3n de autom\u00f3viles<br \/>Impresi\u00f3n, Pl\u00e1stico, Acero, Porcelana<br \/>parques infantiles<\/p><p>aplicable en industrias tales como<\/p><\/li><\/ul>\t\t\t\t\t\t\t\t<\/div>\n\t\t\t\t<\/div>\n\t\t\t\t<div class=\"elementor-element elementor-element-3f3fe30 gallery-spacing-custom elementor-widget elementor-widget-image-gallery\" data-id=\"3f3fe30\" data-element_type=\"widget\" data-widget_type=\"image-gallery.default\">\n\t\t\t\t<div class=\"elementor-widget-container\">\n\t\t\t\t\t\t\t<div class=\"elementor-image-gallery\">\n\t\t\t<div id='gallery-1' class='gallery galleryid-441 gallery-columns-4 gallery-size-full'><figure class='gallery-item'>\n\t\t\t<div class='gallery-icon landscape'>\n\t\t\t\t<a data-elementor-open-lightbox=\"yes\" data-elementor-lightbox-slideshow=\"3f3fe30\" data-elementor-lightbox-title=\"1\" data-e-action-hash=\"#elementor-action%3Aaction%3Dlightbox%26settings%3DeyJpZCI6NDk4LCJ1cmwiOiJodHRwczpcL1wvd3d3LmV2YXBvcmF0aWYuY29tLnRyXC9lc1wvd3AtY29udGVudFwvdXBsb2Fkc1wvMjAyMlwvMDRcLzEuanBnIiwic2xpZGVzaG93IjoiM2YzZmUzMCJ9\" href='https:\/\/www.evaporatif.com.tr\/es\/wp-content\/uploads\/2022\/04\/1.jpg'><img fetchpriority=\"high\" decoding=\"async\" width=\"932\" height=\"873\" src=\"https:\/\/www.evaporatif.com.tr\/es\/wp-content\/uploads\/2022\/04\/1.jpg\" class=\"attachment-full size-full\" alt=\"\" aria-describedby=\"gallery-1-498\" srcset=\"https:\/\/www.evaporatif.com.tr\/es\/wp-content\/uploads\/2022\/04\/1.jpg 932w, https:\/\/www.evaporatif.com.tr\/es\/wp-content\/uploads\/2022\/04\/1-300x281.jpg 300w, https:\/\/www.evaporatif.com.tr\/es\/wp-content\/uploads\/2022\/04\/1-768x719.jpg 768w\" sizes=\"(max-width: 932px) 100vw, 932px\" \/><\/a>\n\t\t\t<\/div>\n\t\t\t\t<figcaption class='wp-caption-text gallery-caption' id='gallery-1-498'>\n\t\t\t\tCaf\u00e9s y Restaurantes\n\t\t\t\t<\/figcaption><\/figure><figure class='gallery-item'>\n\t\t\t<div class='gallery-icon landscape'>\n\t\t\t\t<a data-elementor-open-lightbox=\"yes\" data-elementor-lightbox-slideshow=\"3f3fe30\" data-elementor-lightbox-title=\"2\" data-e-action-hash=\"#elementor-action%3Aaction%3Dlightbox%26settings%3DeyJpZCI6NDk5LCJ1cmwiOiJodHRwczpcL1wvd3d3LmV2YXBvcmF0aWYuY29tLnRyXC9lc1wvd3AtY29udGVudFwvdXBsb2Fkc1wvMjAyMlwvMDRcLzIuanBnIiwic2xpZGVzaG93IjoiM2YzZmUzMCJ9\" href='https:\/\/www.evaporatif.com.tr\/es\/wp-content\/uploads\/2022\/04\/2.jpg'><img decoding=\"async\" width=\"930\" height=\"875\" src=\"https:\/\/www.evaporatif.com.tr\/es\/wp-content\/uploads\/2022\/04\/2.jpg\" class=\"attachment-full size-full\" alt=\"\" aria-describedby=\"gallery-1-499\" srcset=\"https:\/\/www.evaporatif.com.tr\/es\/wp-content\/uploads\/2022\/04\/2.jpg 930w, https:\/\/www.evaporatif.com.tr\/es\/wp-content\/uploads\/2022\/04\/2-300x282.jpg 300w, https:\/\/www.evaporatif.com.tr\/es\/wp-content\/uploads\/2022\/04\/2-768x723.jpg 768w\" sizes=\"(max-width: 930px) 100vw, 930px\" \/><\/a>\n\t\t\t<\/div>\n\t\t\t\t<figcaption class='wp-caption-text gallery-caption' id='gallery-1-499'>\n\t\t\t\t Mercados\n\t\t\t\t<\/figcaption><\/figure><figure class='gallery-item'>\n\t\t\t<div class='gallery-icon landscape'>\n\t\t\t\t<a data-elementor-open-lightbox=\"yes\" data-elementor-lightbox-slideshow=\"3f3fe30\" data-elementor-lightbox-title=\"3\" data-e-action-hash=\"#elementor-action%3Aaction%3Dlightbox%26settings%3DeyJpZCI6NTAwLCJ1cmwiOiJodHRwczpcL1wvd3d3LmV2YXBvcmF0aWYuY29tLnRyXC9lc1wvd3AtY29udGVudFwvdXBsb2Fkc1wvMjAyMlwvMDRcLzMuanBnIiwic2xpZGVzaG93IjoiM2YzZmUzMCJ9\" href='https:\/\/www.evaporatif.com.tr\/es\/wp-content\/uploads\/2022\/04\/3.jpg'><img decoding=\"async\" width=\"932\" height=\"869\" src=\"https:\/\/www.evaporatif.com.tr\/es\/wp-content\/uploads\/2022\/04\/3.jpg\" class=\"attachment-full size-full\" alt=\"\" aria-describedby=\"gallery-1-500\" srcset=\"https:\/\/www.evaporatif.com.tr\/es\/wp-content\/uploads\/2022\/04\/3.jpg 932w, https:\/\/www.evaporatif.com.tr\/es\/wp-content\/uploads\/2022\/04\/3-300x280.jpg 300w, https:\/\/www.evaporatif.com.tr\/es\/wp-content\/uploads\/2022\/04\/3-768x716.jpg 768w\" sizes=\"(max-width: 932px) 100vw, 932px\" \/><\/a>\n\t\t\t<\/div>\n\t\t\t\t<figcaption class='wp-caption-text gallery-caption' id='gallery-1-500'>\n\t\t\t\tInvernaderos, Granjas Ganaderas\n\t\t\t\t<\/figcaption><\/figure><figure class='gallery-item'>\n\t\t\t<div class='gallery-icon landscape'>\n\t\t\t\t<a data-elementor-open-lightbox=\"yes\" data-elementor-lightbox-slideshow=\"3f3fe30\" data-elementor-lightbox-title=\"4\" data-e-action-hash=\"#elementor-action%3Aaction%3Dlightbox%26settings%3DeyJpZCI6NTAxLCJ1cmwiOiJodHRwczpcL1wvd3d3LmV2YXBvcmF0aWYuY29tLnRyXC9lc1wvd3AtY29udGVudFwvdXBsb2Fkc1wvMjAyMlwvMDRcLzQuanBnIiwic2xpZGVzaG93IjoiM2YzZmUzMCJ9\" href='https:\/\/www.evaporatif.com.tr\/es\/wp-content\/uploads\/2022\/04\/4.jpg'><img loading=\"lazy\" decoding=\"async\" width=\"931\" height=\"877\" src=\"https:\/\/www.evaporatif.com.tr\/es\/wp-content\/uploads\/2022\/04\/4.jpg\" class=\"attachment-full size-full\" alt=\"\" aria-describedby=\"gallery-1-501\" srcset=\"https:\/\/www.evaporatif.com.tr\/es\/wp-content\/uploads\/2022\/04\/4.jpg 931w, https:\/\/www.evaporatif.com.tr\/es\/wp-content\/uploads\/2022\/04\/4-300x283.jpg 300w, https:\/\/www.evaporatif.com.tr\/es\/wp-content\/uploads\/2022\/04\/4-768x723.jpg 768w\" sizes=\"(max-width: 931px) 100vw, 931px\" \/><\/a>\n\t\t\t<\/div>\n\t\t\t\t<figcaption class='wp-caption-text gallery-caption' id='gallery-1-501'>\n\t\t\t\tCentros deportivos\n\t\t\t\t<\/figcaption><\/figure><figure class='gallery-item'>\n\t\t\t<div class='gallery-icon portrait'>\n\t\t\t\t<a data-elementor-open-lightbox=\"yes\" data-elementor-lightbox-slideshow=\"3f3fe30\" data-elementor-lightbox-title=\"5\" data-e-action-hash=\"#elementor-action%3Aaction%3Dlightbox%26settings%3DeyJpZCI6NTAyLCJ1cmwiOiJodHRwczpcL1wvd3d3LmV2YXBvcmF0aWYuY29tLnRyXC9lc1wvd3AtY29udGVudFwvdXBsb2Fkc1wvMjAyMlwvMDRcLzUuanBnIiwic2xpZGVzaG93IjoiM2YzZmUzMCJ9\" href='https:\/\/www.evaporatif.com.tr\/es\/wp-content\/uploads\/2022\/04\/5.jpg'><img loading=\"lazy\" decoding=\"async\" width=\"877\" height=\"932\" src=\"https:\/\/www.evaporatif.com.tr\/es\/wp-content\/uploads\/2022\/04\/5.jpg\" class=\"attachment-full size-full\" alt=\"\" aria-describedby=\"gallery-1-502\" srcset=\"https:\/\/www.evaporatif.com.tr\/es\/wp-content\/uploads\/2022\/04\/5.jpg 877w, https:\/\/www.evaporatif.com.tr\/es\/wp-content\/uploads\/2022\/04\/5-282x300.jpg 282w, https:\/\/www.evaporatif.com.tr\/es\/wp-content\/uploads\/2022\/04\/5-768x816.jpg 768w\" sizes=\"(max-width: 877px) 100vw, 877px\" \/><\/a>\n\t\t\t<\/div>\n\t\t\t\t<figcaption class='wp-caption-text gallery-caption' id='gallery-1-502'>\n\t\t\t\tIndustria automotriz y metal\u00fargica\n\t\t\t\t<\/figcaption><\/figure><figure class='gallery-item'>\n\t\t\t<div class='gallery-icon landscape'>\n\t\t\t\t<a data-elementor-open-lightbox=\"yes\" data-elementor-lightbox-slideshow=\"3f3fe30\" data-elementor-lightbox-title=\"6\" data-e-action-hash=\"#elementor-action%3Aaction%3Dlightbox%26settings%3DeyJpZCI6NTAzLCJ1cmwiOiJodHRwczpcL1wvd3d3LmV2YXBvcmF0aWYuY29tLnRyXC9lc1wvd3AtY29udGVudFwvdXBsb2Fkc1wvMjAyMlwvMDRcLzYuanBnIiwic2xpZGVzaG93IjoiM2YzZmUzMCJ9\" href='https:\/\/www.evaporatif.com.tr\/es\/wp-content\/uploads\/2022\/04\/6.jpg'><img loading=\"lazy\" decoding=\"async\" width=\"853\" height=\"803\" src=\"https:\/\/www.evaporatif.com.tr\/es\/wp-content\/uploads\/2022\/04\/6.jpg\" class=\"attachment-full size-full\" alt=\"\" aria-describedby=\"gallery-1-503\" srcset=\"https:\/\/www.evaporatif.com.tr\/es\/wp-content\/uploads\/2022\/04\/6.jpg 853w, https:\/\/www.evaporatif.com.tr\/es\/wp-content\/uploads\/2022\/04\/6-300x282.jpg 300w, https:\/\/www.evaporatif.com.tr\/es\/wp-content\/uploads\/2022\/04\/6-768x723.jpg 768w\" sizes=\"(max-width: 853px) 100vw, 853px\" \/><\/a>\n\t\t\t<\/div>\n\t\t\t\t<figcaption class='wp-caption-text gallery-caption' id='gallery-1-503'>\n\t\t\t\tAlmacenes\n\t\t\t\t<\/figcaption><\/figure><figure class='gallery-item'>\n\t\t\t<div class='gallery-icon landscape'>\n\t\t\t\t<a data-elementor-open-lightbox=\"yes\" data-elementor-lightbox-slideshow=\"3f3fe30\" data-elementor-lightbox-title=\"7\" data-e-action-hash=\"#elementor-action%3Aaction%3Dlightbox%26settings%3DeyJpZCI6NTA0LCJ1cmwiOiJodHRwczpcL1wvd3d3LmV2YXBvcmF0aWYuY29tLnRyXC9lc1wvd3AtY29udGVudFwvdXBsb2Fkc1wvMjAyMlwvMDRcLzcuanBnIiwic2xpZGVzaG93IjoiM2YzZmUzMCJ9\" href='https:\/\/www.evaporatif.com.tr\/es\/wp-content\/uploads\/2022\/04\/7.jpg'><img loading=\"lazy\" decoding=\"async\" width=\"932\" height=\"873\" src=\"https:\/\/www.evaporatif.com.tr\/es\/wp-content\/uploads\/2022\/04\/7.jpg\" class=\"attachment-full size-full\" alt=\"\" aria-describedby=\"gallery-1-504\" srcset=\"https:\/\/www.evaporatif.com.tr\/es\/wp-content\/uploads\/2022\/04\/7.jpg 932w, https:\/\/www.evaporatif.com.tr\/es\/wp-content\/uploads\/2022\/04\/7-300x281.jpg 300w, https:\/\/www.evaporatif.com.tr\/es\/wp-content\/uploads\/2022\/04\/7-768x719.jpg 768w\" sizes=\"(max-width: 932px) 100vw, 932px\" \/><\/a>\n\t\t\t<\/div>\n\t\t\t\t<figcaption class='wp-caption-text gallery-caption' id='gallery-1-504'>\n\t\t\t\tF\u00e1bricas y Talleres\n\t\t\t\t<\/figcaption><\/figure><figure class='gallery-item'>\n\t\t\t<div class='gallery-icon landscape'>\n\t\t\t\t<a data-elementor-open-lightbox=\"yes\" data-elementor-lightbox-slideshow=\"3f3fe30\" data-elementor-lightbox-title=\"8\" data-e-action-hash=\"#elementor-action%3Aaction%3Dlightbox%26settings%3DeyJpZCI6NTA1LCJ1cmwiOiJodHRwczpcL1wvd3d3LmV2YXBvcmF0aWYuY29tLnRyXC9lc1wvd3AtY29udGVudFwvdXBsb2Fkc1wvMjAyMlwvMDRcLzguanBnIiwic2xpZGVzaG93IjoiM2YzZmUzMCJ9\" href='https:\/\/www.evaporatif.com.tr\/es\/wp-content\/uploads\/2022\/04\/8.jpg'><img loading=\"lazy\" decoding=\"async\" width=\"932\" height=\"873\" src=\"https:\/\/www.evaporatif.com.tr\/es\/wp-content\/uploads\/2022\/04\/8.jpg\" class=\"attachment-full size-full\" alt=\"\" aria-describedby=\"gallery-1-505\" srcset=\"https:\/\/www.evaporatif.com.tr\/es\/wp-content\/uploads\/2022\/04\/8.jpg 932w, https:\/\/www.evaporatif.com.tr\/es\/wp-content\/uploads\/2022\/04\/8-300x281.jpg 300w, https:\/\/www.evaporatif.com.tr\/es\/wp-content\/uploads\/2022\/04\/8-768x719.jpg 768w\" sizes=\"(max-width: 932px) 100vw, 932px\" \/><\/a>\n\t\t\t<\/div>\n\t\t\t\t<figcaption class='wp-caption-text gallery-caption' id='gallery-1-505'>\n\t\t\t\tIndustria textil\n\t\t\t\t<\/figcaption><\/figure><figure class='gallery-item'>\n\t\t\t<div class='gallery-icon landscape'>\n\t\t\t\t<a data-elementor-open-lightbox=\"yes\" data-elementor-lightbox-slideshow=\"3f3fe30\" data-elementor-lightbox-title=\"9\" data-e-action-hash=\"#elementor-action%3Aaction%3Dlightbox%26settings%3DeyJpZCI6NTA2LCJ1cmwiOiJodHRwczpcL1wvd3d3LmV2YXBvcmF0aWYuY29tLnRyXC9lc1wvd3AtY29udGVudFwvdXBsb2Fkc1wvMjAyMlwvMDRcLzkuanBnIiwic2xpZGVzaG93IjoiM2YzZmUzMCJ9\" href='https:\/\/www.evaporatif.com.tr\/es\/wp-content\/uploads\/2022\/04\/9.jpg'><img loading=\"lazy\" decoding=\"async\" width=\"932\" height=\"873\" src=\"https:\/\/www.evaporatif.com.tr\/es\/wp-content\/uploads\/2022\/04\/9.jpg\" class=\"attachment-full size-full\" alt=\"\" aria-describedby=\"gallery-1-506\" srcset=\"https:\/\/www.evaporatif.com.tr\/es\/wp-content\/uploads\/2022\/04\/9.jpg 932w, https:\/\/www.evaporatif.com.tr\/es\/wp-content\/uploads\/2022\/04\/9-300x281.jpg 300w, https:\/\/www.evaporatif.com.tr\/es\/wp-content\/uploads\/2022\/04\/9-768x719.jpg 768w\" sizes=\"(max-width: 932px) 100vw, 932px\" \/><\/a>\n\t\t\t<\/div>\n\t\t\t\t<figcaption class='wp-caption-text gallery-caption' id='gallery-1-506'>\n\t\t\t\tCentros comerciales\n\t\t\t\t<\/figcaption><\/figure><figure class='gallery-item'>\n\t\t\t<div class='gallery-icon landscape'>\n\t\t\t\t<a data-elementor-open-lightbox=\"yes\" data-elementor-lightbox-slideshow=\"3f3fe30\" data-elementor-lightbox-title=\"10\" data-e-action-hash=\"#elementor-action%3Aaction%3Dlightbox%26settings%3DeyJpZCI6NTA3LCJ1cmwiOiJodHRwczpcL1wvd3d3LmV2YXBvcmF0aWYuY29tLnRyXC9lc1wvd3AtY29udGVudFwvdXBsb2Fkc1wvMjAyMlwvMDRcLzEwLmpwZyIsInNsaWRlc2hvdyI6IjNmM2ZlMzAifQ%3D%3D\" href='https:\/\/www.evaporatif.com.tr\/es\/wp-content\/uploads\/2022\/04\/10.jpg'><img loading=\"lazy\" decoding=\"async\" width=\"931\" height=\"873\" src=\"https:\/\/www.evaporatif.com.tr\/es\/wp-content\/uploads\/2022\/04\/10.jpg\" class=\"attachment-full size-full\" alt=\"\" aria-describedby=\"gallery-1-507\" srcset=\"https:\/\/www.evaporatif.com.tr\/es\/wp-content\/uploads\/2022\/04\/10.jpg 931w, https:\/\/www.evaporatif.com.tr\/es\/wp-content\/uploads\/2022\/04\/10-300x281.jpg 300w, https:\/\/www.evaporatif.com.tr\/es\/wp-content\/uploads\/2022\/04\/10-768x720.jpg 768w\" sizes=\"(max-width: 931px) 100vw, 931px\" \/><\/a>\n\t\t\t<\/div>\n\t\t\t\t<figcaption class='wp-caption-text gallery-caption' id='gallery-1-507'>\n\t\t\t\tCentro de datos\n\t\t\t\t<\/figcaption><\/figure><figure class='gallery-item'>\n\t\t\t<div class='gallery-icon landscape'>\n\t\t\t\t<a data-elementor-open-lightbox=\"yes\" data-elementor-lightbox-slideshow=\"3f3fe30\" data-elementor-lightbox-title=\"11\" data-e-action-hash=\"#elementor-action%3Aaction%3Dlightbox%26settings%3DeyJpZCI6NTA4LCJ1cmwiOiJodHRwczpcL1wvd3d3LmV2YXBvcmF0aWYuY29tLnRyXC9lc1wvd3AtY29udGVudFwvdXBsb2Fkc1wvMjAyMlwvMDRcLzExLmpwZyIsInNsaWRlc2hvdyI6IjNmM2ZlMzAifQ%3D%3D\" href='https:\/\/www.evaporatif.com.tr\/es\/wp-content\/uploads\/2022\/04\/11.jpg'><img loading=\"lazy\" decoding=\"async\" width=\"932\" height=\"873\" src=\"https:\/\/www.evaporatif.com.tr\/es\/wp-content\/uploads\/2022\/04\/11.jpg\" class=\"attachment-full size-full\" alt=\"\" aria-describedby=\"gallery-1-508\" srcset=\"https:\/\/www.evaporatif.com.tr\/es\/wp-content\/uploads\/2022\/04\/11.jpg 932w, https:\/\/www.evaporatif.com.tr\/es\/wp-content\/uploads\/2022\/04\/11-300x281.jpg 300w, https:\/\/www.evaporatif.com.tr\/es\/wp-content\/uploads\/2022\/04\/11-768x719.jpg 768w\" sizes=\"(max-width: 932px) 100vw, 932px\" \/><\/a>\n\t\t\t<\/div>\n\t\t\t\t<figcaption class='wp-caption-text gallery-caption' id='gallery-1-508'>\n\t\t\t\tIndustria de alimentos\n\t\t\t\t<\/figcaption><\/figure><figure class='gallery-item'>\n\t\t\t<div class='gallery-icon landscape'>\n\t\t\t\t<a data-elementor-open-lightbox=\"yes\" data-elementor-lightbox-slideshow=\"3f3fe30\" data-elementor-lightbox-title=\"12\" data-e-action-hash=\"#elementor-action%3Aaction%3Dlightbox%26settings%3DeyJpZCI6NTA5LCJ1cmwiOiJodHRwczpcL1wvd3d3LmV2YXBvcmF0aWYuY29tLnRyXC9lc1wvd3AtY29udGVudFwvdXBsb2Fkc1wvMjAyMlwvMDRcLzEyLmpwZyIsInNsaWRlc2hvdyI6IjNmM2ZlMzAifQ%3D%3D\" href='https:\/\/www.evaporatif.com.tr\/es\/wp-content\/uploads\/2022\/04\/12.jpg'><img loading=\"lazy\" decoding=\"async\" width=\"932\" height=\"873\" src=\"https:\/\/www.evaporatif.com.tr\/es\/wp-content\/uploads\/2022\/04\/12.jpg\" class=\"attachment-full size-full\" alt=\"\" aria-describedby=\"gallery-1-509\" srcset=\"https:\/\/www.evaporatif.com.tr\/es\/wp-content\/uploads\/2022\/04\/12.jpg 932w, https:\/\/www.evaporatif.com.tr\/es\/wp-content\/uploads\/2022\/04\/12-300x281.jpg 300w, https:\/\/www.evaporatif.com.tr\/es\/wp-content\/uploads\/2022\/04\/12-768x719.jpg 768w\" sizes=\"(max-width: 932px) 100vw, 932px\" \/><\/a>\n\t\t\t<\/div>\n\t\t\t\t<figcaption class='wp-caption-text gallery-caption' id='gallery-1-509'>\n\t\t\t\tSector L\u00ednea Blanca\n\t\t\t\t<\/figcaption><\/figure>\n\t\t<\/div>\n\t\t<\/div>\n\t\t\t\t\t\t<\/div>\n\t\t\t\t<\/div>\n\t\t\t\t\t<\/div>\n\t\t<\/div>\n\t\t\t\t\t<\/div>\n\t\t<\/section>\n\t\t\t\t<\/div>\n\t\t","protected":false},"excerpt":{"rendered":"<p>p\u00e1gina de inicio &gt; F\u00e1bricas y Talleres\u00c1reas de aplicaci\u00f3n industrialIndustria automotriz y metal\u00fargicaNegocios de AlimentosCentros comercialesCine, Centro de Exposiciones, Estaci\u00f3n de AutobusesResidencias, Lugares de Trabajo, TalleresEstacionamiento, Centros Culturales,lugares de adoraci\u00f3nrestaurantesPanader\u00edas, Estacionamiento, Lavander\u00edaInvernaderos, Granjas GanaderasServicios de servicioIndustria de la construcci\u00f3n navalIndustria automotriz y metal\u00fargicaTextilCentros deportivosSalas de exposici\u00f3n de autom\u00f3vilesImpresi\u00f3n, Pl\u00e1stico, Acero, Porcelanaparques infantiles aplicable en industrias [&hellip;]<\/p>\n","protected":false},"author":1,"featured_media":0,"parent":0,"menu_order":0,"comment_status":"closed","ping_status":"closed","template":"elementor_header_footer","meta":{"footnotes":""},"class_list":["post-441","page","type-page","status-publish","hentry"],"aioseo_notices":[],"_links":{"self":[{"href":"https:\/\/www.evaporatif.com.tr\/es\/wp-json\/wp\/v2\/pages\/441","targetHints":{"allow":["GET"]}}],"collection":[{"href":"https:\/\/www.evaporatif.com.tr\/es\/wp-json\/wp\/v2\/pages"}],"about":[{"href":"https:\/\/www.evaporatif.com.tr\/es\/wp-json\/wp\/v2\/types\/page"}],"author":[{"embeddable":true,"href":"https:\/\/www.evaporatif.com.tr\/es\/wp-json\/wp\/v2\/users\/1"}],"replies":[{"embeddable":true,"href":"https:\/\/www.evaporatif.com.tr\/es\/wp-json\/wp\/v2\/comments?post=441"}],"version-history":[{"count":26,"href":"https:\/\/www.evaporatif.com.tr\/es\/wp-json\/wp\/v2\/pages\/441\/revisions"}],"predecessor-version":[{"id":1056,"href":"https:\/\/www.evaporatif.com.tr\/es\/wp-json\/wp\/v2\/pages\/441\/revisions\/1056"}],"wp:attachment":[{"href":"https:\/\/www.evaporatif.com.tr\/es\/wp-json\/wp\/v2\/media?parent=441"}],"curies":[{"name":"wp","href":"https:\/\/api.w.org\/{rel}","templated":true}]}}