{"id":522,"date":"2022-04-22T12:05:12","date_gmt":"2022-04-22T11:05:12","guid":{"rendered":"https:\/\/www.evaporatif.com.tr\/es\/destek-copy\/"},"modified":"2022-04-23T14:27:50","modified_gmt":"2022-04-23T13:27:50","slug":"que-es-el-enfriamiento-evaporativo","status":"publish","type":"page","link":"https:\/\/www.evaporatif.com.tr\/es\/que-es-el-enfriamiento-evaporativo\/","title":{"rendered":"\u00bfQu\u00e9 es el enfriamiento evaporativo?"},"content":{"rendered":"\t\t<div data-elementor-type=\"wp-page\" data-elementor-id=\"522\" class=\"elementor elementor-522\">\n\t\t\t\t\t\t<section class=\"elementor-section elementor-top-section elementor-element elementor-element-2c3f033 elementor-section-boxed elementor-section-height-default elementor-section-height-default\" data-id=\"2c3f033\" data-element_type=\"section\" data-settings=\"{&quot;background_background&quot;:&quot;classic&quot;}\">\n\t\t\t\t\t\t\t<div class=\"elementor-background-overlay\"><\/div>\n\t\t\t\t\t\t\t<div class=\"elementor-container elementor-column-gap-default\">\n\t\t\t\t\t<div class=\"elementor-column elementor-col-100 elementor-top-column elementor-element elementor-element-2f3dce6\" data-id=\"2f3dce6\" data-element_type=\"column\">\n\t\t\t<div class=\"elementor-widget-wrap elementor-element-populated\">\n\t\t\t\t\t\t<section class=\"elementor-section elementor-inner-section elementor-element elementor-element-2725242 elementor-section-boxed elementor-section-height-default elementor-section-height-default\" data-id=\"2725242\" data-element_type=\"section\">\n\t\t\t\t\t\t<div class=\"elementor-container elementor-column-gap-default\">\n\t\t\t\t\t<div class=\"elementor-column elementor-col-33 elementor-inner-column elementor-element elementor-element-7634429\" data-id=\"7634429\" data-element_type=\"column\">\n\t\t\t<div class=\"elementor-widget-wrap elementor-element-populated\">\n\t\t\t\t\t\t<div class=\"elementor-element elementor-element-f202874 elementor-widget elementor-widget-heading\" data-id=\"f202874\" data-element_type=\"widget\" data-widget_type=\"heading.default\">\n\t\t\t\t<div class=\"elementor-widget-container\">\n\t\t\t\t\t<h6 class=\"elementor-heading-title elementor-size-default\"><a href=\"https:\/\/www.evaporatif.com.tr\/es\">p\u00e1gina de inicio<\/a><\/h6>\t\t\t\t<\/div>\n\t\t\t\t<\/div>\n\t\t\t\t\t<\/div>\n\t\t<\/div>\n\t\t\t\t<div class=\"elementor-column elementor-col-33 elementor-inner-column elementor-element elementor-element-4e5e0b9\" data-id=\"4e5e0b9\" data-element_type=\"column\">\n\t\t\t<div class=\"elementor-widget-wrap elementor-element-populated\">\n\t\t\t\t\t\t<div class=\"elementor-element elementor-element-1400ed5 elementor-widget elementor-widget-heading\" data-id=\"1400ed5\" data-element_type=\"widget\" data-widget_type=\"heading.default\">\n\t\t\t\t<div class=\"elementor-widget-container\">\n\t\t\t\t\t<h6 class=\"elementor-heading-title elementor-size-default\">&gt;<\/h6>\t\t\t\t<\/div>\n\t\t\t\t<\/div>\n\t\t\t\t\t<\/div>\n\t\t<\/div>\n\t\t\t\t<div class=\"elementor-column elementor-col-33 elementor-inner-column elementor-element elementor-element-510bde1\" data-id=\"510bde1\" data-element_type=\"column\">\n\t\t\t<div class=\"elementor-widget-wrap elementor-element-populated\">\n\t\t\t\t\t\t\t<\/div>\n\t\t<\/div>\n\t\t\t\t\t<\/div>\n\t\t<\/section>\n\t\t\t\t\t<\/div>\n\t\t<\/div>\n\t\t\t\t\t<\/div>\n\t\t<\/section>\n\t\t\t\t<section class=\"elementor-section elementor-top-section elementor-element elementor-element-3f24c42e elementor-section-boxed elementor-section-height-default elementor-section-height-default\" data-id=\"3f24c42e\" data-element_type=\"section\">\n\t\t\t\t\t\t<div class=\"elementor-container elementor-column-gap-default\">\n\t\t\t\t\t<div class=\"elementor-column elementor-col-100 elementor-top-column elementor-element elementor-element-10f71f7\" data-id=\"10f71f7\" data-element_type=\"column\">\n\t\t\t<div class=\"elementor-widget-wrap elementor-element-populated\">\n\t\t\t\t\t\t<div class=\"elementor-element elementor-element-1eec197 elementor-widget elementor-widget-text-editor\" data-id=\"1eec197\" data-element_type=\"widget\" data-widget_type=\"text-editor.default\">\n\t\t\t\t<div class=\"elementor-widget-container\">\n\t\t\t\t\t\t\t\t\t<p>El enfriamiento evaporativo se basa en el principio de tomar calor del aire por evaporaci\u00f3n de agua. A medida que el agua se evapora, absorbe el calor del aire y hace que el aire se enfr\u00ede.<\/p><p>Un ejemplo sencillo de enfriamiento evaporativo es cuando sales de la piscina o te duchas, sinti\u00e9ndote fresco por el efecto de la brisa a tu alrededor y la evaporaci\u00f3n del agua de tu cuerpo.<\/p><p>El evaporativo est\u00e1 inspirado en un proceso natural, como la brisa marina. La brisa que sopla desde el mar lleva aire fresco y fresco. La brisa marina es fresca porque el aire caliente es llevado por el viento sobre la superficie del agua, este movimiento de aire evapora parte del agua; absorbe el calor, proporciona una fuente de aire limpio, fresco y saludable.<\/p><p>El evaporativo proporciona un flujo continuo de aire fresco, natural y fr\u00edo sin utilizar gases nocivos para el medio ambiente.<\/p>\t\t\t\t\t\t\t\t<\/div>\n\t\t\t\t<\/div>\n\t\t\t\t<div class=\"elementor-element elementor-element-fd01cc2 elementor-blockquote--skin-quotation elementor-blockquote--align-center elementor-blockquote--button-color-official elementor-widget elementor-widget-blockquote\" data-id=\"fd01cc2\" data-element_type=\"widget\" data-widget_type=\"blockquote.default\">\n\t\t\t\t<div class=\"elementor-widget-container\">\n\t\t\t\t\t\t\t<blockquote class=\"elementor-blockquote\">\n\t\t\t<p class=\"elementor-blockquote__content\">\n\t\t\t\tEl enfriador evaporativo es m\u00e1s ventajoso que los enfriadores convencionales.\t\t\t<\/p>\n\t\t\t\t\t<\/blockquote>\n\t\t\t\t\t\t<\/div>\n\t\t\t\t<\/div>\n\t\t\t\t<div class=\"elementor-element elementor-element-0488aaa elementor-widget elementor-widget-text-editor\" data-id=\"0488aaa\" data-element_type=\"widget\" data-widget_type=\"text-editor.default\">\n\t\t\t\t<div class=\"elementor-widget-container\">\n\t\t\t\t\t\t\t\t\t<p>Porque,<\/p><p>Entrega aire 100% fresco, enfriado y filtrado al ambiente.<br \/>El humo expulsa part\u00edculas de polvo y olores suspendidos en el aire.<br \/>A medida que aumenta la temperatura, aumentan la eficiencia y la capacidad de refrigeraci\u00f3n.<br \/>Consume bajo nivel de energ\u00eda, es hasta un 90% econ\u00f3mico en comparaci\u00f3n con los sistemas tradicionales.<br \/>Costos iniciales y continuos m\u00e1s bajos: hasta un 50 % menos en la compra y m\u00e1s de la mitad de los costos de mantenimiento y reparaci\u00f3n.<br \/>Es f\u00e1cil de instalar y requiere un mantenimiento m\u00ednimo.<br \/>Reduce la electricidad est\u00e1tica.<br \/>Se enfr\u00eda cuando las puertas y ventanas est\u00e1n abiertas.<br \/>Es beneficioso para los pacientes con alergias y asma debido a la humedad del aire que sopla.<\/p>\t\t\t\t\t\t\t\t<\/div>\n\t\t\t\t<\/div>\n\t\t\t\t<div class=\"elementor-element elementor-element-d71d09b elementor-blockquote--skin-quotation elementor-blockquote--align-center elementor-blockquote--button-color-official elementor-widget elementor-widget-blockquote\" data-id=\"d71d09b\" data-element_type=\"widget\" data-widget_type=\"blockquote.default\">\n\t\t\t\t<div class=\"elementor-widget-container\">\n\t\t\t\t\t\t\t<blockquote class=\"elementor-blockquote\">\n\t\t\t<p class=\"elementor-blockquote__content\">\n\t\t\t\tRefrigeraci\u00f3n de calidad con una soluci\u00f3n natural y respetuosa con el medio ambiente\t\t\t<\/p>\n\t\t\t\t\t<\/blockquote>\n\t\t\t\t\t\t<\/div>\n\t\t\t\t<\/div>\n\t\t\t\t<div class=\"elementor-element elementor-element-fe99055 elementor-widget elementor-widget-text-editor\" data-id=\"fe99055\" data-element_type=\"widget\" data-widget_type=\"text-editor.default\">\n\t\t\t\t<div class=\"elementor-widget-container\">\n\t\t\t\t\t\t\t\t\t<p>Hoy, desafortunadamente, el cambio clim\u00e1tico afecta negativamente nuestras vidas en muchas \u00e1reas. Las condiciones clim\u00e1ticas c\u00e1lidas reducen la calidad de los entornos de trabajo y la eficiencia del trabajo. Las tecnolog\u00edas de refrigeraci\u00f3n por evaporaci\u00f3n para crear entornos de trabajo saludables ahora pueden cambiar el requisito de espacio interior ideal en todos los aspectos. Gracias a las tecnolog\u00edas respetuosas con el medio ambiente y sostenibles que ha desarrollado, consume menos energ\u00eda y agua en comparaci\u00f3n con los aires acondicionados tradicionales, lo que se traduce en menores emisiones de CO2. Nuestro objetivo es dejar un futuro habitable y limpio a las generaciones futuras mediante el uso de materiales reciclables.<\/p>\t\t\t\t\t\t\t\t<\/div>\n\t\t\t\t<\/div>\n\t\t\t\t<div class=\"elementor-element elementor-element-c21c61b elementor-blockquote--align-center elementor-blockquote--skin-quotation elementor-blockquote--button-color-official elementor-widget elementor-widget-blockquote\" data-id=\"c21c61b\" data-element_type=\"widget\" data-widget_type=\"blockquote.default\">\n\t\t\t\t<div class=\"elementor-widget-container\">\n\t\t\t\t\t\t\t<blockquote class=\"elementor-blockquote\">\n\t\t\t<p class=\"elementor-blockquote__content\">\n\t\t\t\tReduzca la huella de carbono de su empresa.\t\t\t<\/p>\n\t\t\t\t\t<\/blockquote>\n\t\t\t\t\t\t<\/div>\n\t\t\t\t<\/div>\n\t\t\t\t<div class=\"elementor-element elementor-element-c3214eb elementor-widget elementor-widget-text-editor\" data-id=\"c3214eb\" data-element_type=\"widget\" data-widget_type=\"text-editor.default\">\n\t\t\t\t<div class=\"elementor-widget-container\">\n\t\t\t\t\t\t\t\t\t<p>Desafortunadamente, los m\u00e9todos de aire acondicionado convencionales que contienen refrigerantes peligrosos y recirculan el aire usado en \u00e1reas cerradas son muy comunes en el mundo. Los dispositivos de tecnolog\u00eda antigua con un alto consumo de energ\u00eda y, por lo tanto, emisi\u00f3n de CO2 representan un peligro para nuestro medio ambiente. El m\u00e9todo de enfriamiento por evaporaci\u00f3n se basa en el principio de la energ\u00eda natural generada por la evaporaci\u00f3n del agua. Copiar a la Madre Naturaleza tiene sentido, por supuesto, pero hacer que este principio se pueda utilizar en grandes edificios y en una amplia variedad de condiciones clim\u00e1ticas no es f\u00e1cil. Aqu\u00ed es donde entran en juego las innovaciones de Evaporative.<\/p>\t\t\t\t\t\t\t\t<\/div>\n\t\t\t\t<\/div>\n\t\t\t\t<div class=\"elementor-element elementor-element-d306989 elementor-widget elementor-widget-image\" data-id=\"d306989\" data-element_type=\"widget\" data-widget_type=\"image.default\">\n\t\t\t\t<div class=\"elementor-widget-container\">\n\t\t\t\t\t\t\t\t\t\t\t\t\t\t\t<img fetchpriority=\"high\" decoding=\"async\" width=\"800\" height=\"400\" src=\"https:\/\/www.evaporatif.com.tr\/es\/wp-content\/uploads\/2022\/04\/co2-1024x512.jpg\" class=\"attachment-large size-large wp-image-605\" alt=\"\" srcset=\"https:\/\/www.evaporatif.com.tr\/es\/wp-content\/uploads\/2022\/04\/co2-1024x512.jpg 1024w, https:\/\/www.evaporatif.com.tr\/es\/wp-content\/uploads\/2022\/04\/co2-300x150.jpg 300w, https:\/\/www.evaporatif.com.tr\/es\/wp-content\/uploads\/2022\/04\/co2-768x384.jpg 768w, https:\/\/www.evaporatif.com.tr\/es\/wp-content\/uploads\/2022\/04\/co2.jpg 1280w\" sizes=\"(max-width: 800px) 100vw, 800px\" \/>\t\t\t\t\t\t\t\t\t\t\t\t\t\t\t<\/div>\n\t\t\t\t<\/div>\n\t\t\t\t<div class=\"elementor-element elementor-element-3090ac1 elementor-blockquote--align-center elementor-blockquote--skin-quotation elementor-blockquote--button-color-official elementor-widget elementor-widget-blockquote\" data-id=\"3090ac1\" data-element_type=\"widget\" data-widget_type=\"blockquote.default\">\n\t\t\t\t<div class=\"elementor-widget-container\">\n\t\t\t\t\t\t\t<blockquote class=\"elementor-blockquote\">\n\t\t\t<p class=\"elementor-blockquote__content\">\n\t\t\t\tAire interior de calidad\t\t\t<\/p>\n\t\t\t\t\t<\/blockquote>\n\t\t\t\t\t\t<\/div>\n\t\t\t\t<\/div>\n\t\t\t\t<div class=\"elementor-element elementor-element-c6ecf1d elementor-widget elementor-widget-text-editor\" data-id=\"c6ecf1d\" data-element_type=\"widget\" data-widget_type=\"text-editor.default\">\n\t\t\t\t<div class=\"elementor-widget-container\">\n\t\t\t\t\t\t\t\t\t<p>En nuestra geograf\u00eda, hasta hace poco tiempo, no exist\u00eda una forma econ\u00f3mica de enfriar y ventilar c\u00f3modamente grandes espacios y edificios comerciales. Las condiciones clim\u00e1ticas c\u00e1lidas afectaron negativamente la eficiencia laboral en los lugares de trabajo y no cumplieron con las normas laborales. Es un deber \u00e9tico y legal de todo empleador proporcionar aire de calidad y condiciones clim\u00e1ticas a sus empleados en los lugares de trabajo. Sin embargo, debido a los altos costos, muchos lugares de trabajo no pueden proporcionar ventilaci\u00f3n y aire acondicionado saludables y no pueden cumplir con las condiciones requeridas. Aqu\u00ed, la evaporaci\u00f3n entra en juego y ofrece soluciones econ\u00f3micas y respetuosas con el medio ambiente.<\/p>\t\t\t\t\t\t\t\t<\/div>\n\t\t\t\t<\/div>\n\t\t\t\t<div class=\"elementor-element elementor-element-ee46d65 elementor-blockquote--align-center elementor-blockquote--skin-quotation elementor-blockquote--button-color-official elementor-widget elementor-widget-blockquote\" data-id=\"ee46d65\" data-element_type=\"widget\" data-widget_type=\"blockquote.default\">\n\t\t\t\t<div class=\"elementor-widget-container\">\n\t\t\t\t\t\t\t<blockquote class=\"elementor-blockquote\">\n\t\t\t<p class=\"elementor-blockquote__content\">\n\t\t\t\tEl aire acondicionado evaporativo mejora la concentraci\u00f3n\t\t\t<\/p>\n\t\t\t\t\t<\/blockquote>\n\t\t\t\t\t\t<\/div>\n\t\t\t\t<\/div>\n\t\t\t\t<div class=\"elementor-element elementor-element-e0dc350 elementor-widget elementor-widget-text-editor\" data-id=\"e0dc350\" data-element_type=\"widget\" data-widget_type=\"text-editor.default\">\n\t\t\t\t<div class=\"elementor-widget-container\">\n\t\t\t\t\t\t\t\t\t<p>En 2012, seg\u00fan inform\u00f3 Scientific American, los investigadores estadounidenses Amar Cheena y Vanessa M. Patrick examinaron el efecto del calor en la toma de decisiones y concluyeron que el cuerpo humano utiliza m\u00e1s glucosa, la principal fuente de energ\u00eda f\u00edsica y mental, para refrescarse. En condiciones de temperatura, consume la cantidad de glucosa que se puede utilizar para los procesos cognitivos. En otras palabras, su cuerpo est\u00e1 trabajando duro para evitar el sobrecalentamiento y no puede concentrarse en otras tareas no vitales. Con el uso del aire acondicionado por evaporaci\u00f3n, la mente puede concentrarse en las tareas en lugar de en la supervivencia.<\/p>\t\t\t\t\t\t\t\t<\/div>\n\t\t\t\t<\/div>\n\t\t\t\t<div class=\"elementor-element elementor-element-fd46446 elementor-blockquote--align-center elementor-blockquote--skin-quotation elementor-blockquote--button-color-official elementor-widget elementor-widget-blockquote\" data-id=\"fd46446\" data-element_type=\"widget\" data-widget_type=\"blockquote.default\">\n\t\t\t\t<div class=\"elementor-widget-container\">\n\t\t\t\t\t\t\t<blockquote class=\"elementor-blockquote\">\n\t\t\t<p class=\"elementor-blockquote__content\">\n\t\t\t\tEficaz en la lucha contra virus y bacterias.\t\t\t<\/p>\n\t\t\t\t\t<\/blockquote>\n\t\t\t\t\t\t<\/div>\n\t\t\t\t<\/div>\n\t\t\t\t<div class=\"elementor-element elementor-element-7276815 elementor-widget elementor-widget-text-editor\" data-id=\"7276815\" data-element_type=\"widget\" data-widget_type=\"text-editor.default\">\n\t\t\t\t<div class=\"elementor-widget-container\">\n\t\t\t\t\t\t\t\t\t<div class=\"page\" title=\"Page 7\"><div class=\"layoutArea\"><div class=\"column\"><p>El contenido de la demanda se puede purificar de virus y organismos a trav\u00e9s del conducto de aire. Est\u00e1 dise\u00f1ado para ser de la misma manera y bloqueado en el interior.<\/p><\/div><\/div><\/div>\t\t\t\t\t\t\t\t<\/div>\n\t\t\t\t<\/div>\n\t\t\t\t<div class=\"elementor-element elementor-element-80bd90e elementor-blockquote--align-center elementor-blockquote--skin-quotation elementor-blockquote--button-color-official elementor-widget elementor-widget-blockquote\" data-id=\"80bd90e\" data-element_type=\"widget\" data-widget_type=\"blockquote.default\">\n\t\t\t\t<div class=\"elementor-widget-container\">\n\t\t\t\t\t\t\t<blockquote class=\"elementor-blockquote\">\n\t\t\t<p class=\"elementor-blockquote__content\">\n\t\t\t\tInversi\u00f3n asequible y de calidad.\t\t\t<\/p>\n\t\t\t\t\t<\/blockquote>\n\t\t\t\t\t\t<\/div>\n\t\t\t\t<\/div>\n\t\t\t\t<div class=\"elementor-element elementor-element-6d3d476 elementor-widget elementor-widget-text-editor\" data-id=\"6d3d476\" data-element_type=\"widget\" data-widget_type=\"text-editor.default\">\n\t\t\t\t<div class=\"elementor-widget-container\">\n\t\t\t\t\t\t\t\t\t<div class=\"page\" title=\"Page 7\"><div class=\"layoutArea\"><div class=\"column\"><div class=\"page\" title=\"Page 7\"><div class=\"layoutArea\"><div class=\"column\"><p>En comparaci\u00f3n con los proyectos de aire acondicionado tradicionales, la marca Evaporatif dise\u00f1a proyectos especiales para su lugar de trabajo con sus productos innovadores con un 80 por ciento menos de inversi\u00f3n y costos operativos.<\/p><\/div><\/div><\/div><\/div><\/div><\/div>\t\t\t\t\t\t\t\t<\/div>\n\t\t\t\t<\/div>\n\t\t\t\t<div class=\"elementor-element elementor-element-950a655 elementor-widget elementor-widget-image\" data-id=\"950a655\" data-element_type=\"widget\" data-widget_type=\"image.default\">\n\t\t\t\t<div class=\"elementor-widget-container\">\n\t\t\t\t\t\t\t\t\t\t\t\t\t\t\t<img decoding=\"async\" width=\"800\" height=\"327\" src=\"https:\/\/www.evaporatif.com.tr\/es\/wp-content\/uploads\/2022\/04\/eva-1024x419.jpg\" class=\"attachment-large size-large wp-image-618\" alt=\"\" srcset=\"https:\/\/www.evaporatif.com.tr\/es\/wp-content\/uploads\/2022\/04\/eva-1024x419.jpg 1024w, https:\/\/www.evaporatif.com.tr\/es\/wp-content\/uploads\/2022\/04\/eva-300x123.jpg 300w, https:\/\/www.evaporatif.com.tr\/es\/wp-content\/uploads\/2022\/04\/eva-768x314.jpg 768w, https:\/\/www.evaporatif.com.tr\/es\/wp-content\/uploads\/2022\/04\/eva.jpg 1280w\" sizes=\"(max-width: 800px) 100vw, 800px\" \/>\t\t\t\t\t\t\t\t\t\t\t\t\t\t\t<\/div>\n\t\t\t\t<\/div>\n\t\t\t\t\t<\/div>\n\t\t<\/div>\n\t\t\t\t\t<\/div>\n\t\t<\/section>\n\t\t\t\t<\/div>\n\t\t","protected":false},"excerpt":{"rendered":"<p>p\u00e1gina de inicio &gt; El enfriamiento evaporativo se basa en el principio de tomar calor del aire por evaporaci\u00f3n de agua. A medida que el agua se evapora, absorbe el calor del aire y hace que el aire se enfr\u00ede. Un ejemplo sencillo de enfriamiento evaporativo es cuando sales de la piscina o te duchas, [&hellip;]<\/p>\n","protected":false},"author":1,"featured_media":0,"parent":0,"menu_order":0,"comment_status":"closed","ping_status":"closed","template":"elementor_header_footer","meta":{"footnotes":""},"class_list":["post-522","page","type-page","status-publish","hentry"],"aioseo_notices":[],"_links":{"self":[{"href":"https:\/\/www.evaporatif.com.tr\/es\/wp-json\/wp\/v2\/pages\/522","targetHints":{"allow":["GET"]}}],"collection":[{"href":"https:\/\/www.evaporatif.com.tr\/es\/wp-json\/wp\/v2\/pages"}],"about":[{"href":"https:\/\/www.evaporatif.com.tr\/es\/wp-json\/wp\/v2\/types\/page"}],"author":[{"embeddable":true,"href":"https:\/\/www.evaporatif.com.tr\/es\/wp-json\/wp\/v2\/users\/1"}],"replies":[{"embeddable":true,"href":"https:\/\/www.evaporatif.com.tr\/es\/wp-json\/wp\/v2\/comments?post=522"}],"version-history":[{"count":51,"href":"https:\/\/www.evaporatif.com.tr\/es\/wp-json\/wp\/v2\/pages\/522\/revisions"}],"predecessor-version":[{"id":1060,"href":"https:\/\/www.evaporatif.com.tr\/es\/wp-json\/wp\/v2\/pages\/522\/revisions\/1060"}],"wp:attachment":[{"href":"https:\/\/www.evaporatif.com.tr\/es\/wp-json\/wp\/v2\/media?parent=522"}],"curies":[{"name":"wp","href":"https:\/\/api.w.org\/{rel}","templated":true}]}}