{"id":579,"date":"2022-04-22T12:16:35","date_gmt":"2022-04-22T11:16:35","guid":{"rendered":"https:\/\/www.evaporatif.com.tr\/es\/evaporatif-sogutma-nedir-copy\/"},"modified":"2022-04-23T14:31:56","modified_gmt":"2022-04-23T13:31:56","slug":"opciones","status":"publish","type":"page","link":"https:\/\/www.evaporatif.com.tr\/es\/opciones\/","title":{"rendered":"Opciones"},"content":{"rendered":"\t\t<div data-elementor-type=\"wp-page\" data-elementor-id=\"579\" class=\"elementor elementor-579\">\n\t\t\t\t\t\t<section class=\"elementor-section elementor-top-section elementor-element elementor-element-2c3f033 elementor-section-boxed elementor-section-height-default elementor-section-height-default\" data-id=\"2c3f033\" data-element_type=\"section\" data-settings=\"{&quot;background_background&quot;:&quot;classic&quot;}\">\n\t\t\t\t\t\t\t<div class=\"elementor-background-overlay\"><\/div>\n\t\t\t\t\t\t\t<div class=\"elementor-container elementor-column-gap-default\">\n\t\t\t\t\t<div class=\"elementor-column elementor-col-100 elementor-top-column elementor-element elementor-element-2f3dce6\" data-id=\"2f3dce6\" data-element_type=\"column\">\n\t\t\t<div class=\"elementor-widget-wrap elementor-element-populated\">\n\t\t\t\t\t\t<section class=\"elementor-section elementor-inner-section elementor-element elementor-element-2725242 elementor-section-boxed elementor-section-height-default elementor-section-height-default\" data-id=\"2725242\" data-element_type=\"section\">\n\t\t\t\t\t\t<div class=\"elementor-container elementor-column-gap-default\">\n\t\t\t\t\t<div class=\"elementor-column elementor-col-33 elementor-inner-column elementor-element elementor-element-7634429\" data-id=\"7634429\" data-element_type=\"column\">\n\t\t\t<div class=\"elementor-widget-wrap elementor-element-populated\">\n\t\t\t\t\t\t<div class=\"elementor-element elementor-element-f202874 elementor-widget elementor-widget-heading\" data-id=\"f202874\" data-element_type=\"widget\" data-widget_type=\"heading.default\">\n\t\t\t\t<div class=\"elementor-widget-container\">\n\t\t\t\t\t<h6 class=\"elementor-heading-title elementor-size-default\"><a href=\"https:\/\/www.evaporatif.com.tr\/es\">p\u00e1gina de inicio<\/a><\/h6>\t\t\t\t<\/div>\n\t\t\t\t<\/div>\n\t\t\t\t\t<\/div>\n\t\t<\/div>\n\t\t\t\t<div class=\"elementor-column elementor-col-33 elementor-inner-column elementor-element elementor-element-4e5e0b9\" data-id=\"4e5e0b9\" data-element_type=\"column\">\n\t\t\t<div class=\"elementor-widget-wrap elementor-element-populated\">\n\t\t\t\t\t\t<div class=\"elementor-element elementor-element-1400ed5 elementor-widget elementor-widget-heading\" data-id=\"1400ed5\" data-element_type=\"widget\" data-widget_type=\"heading.default\">\n\t\t\t\t<div class=\"elementor-widget-container\">\n\t\t\t\t\t<h6 class=\"elementor-heading-title elementor-size-default\">&gt;<\/h6>\t\t\t\t<\/div>\n\t\t\t\t<\/div>\n\t\t\t\t\t<\/div>\n\t\t<\/div>\n\t\t\t\t<div class=\"elementor-column elementor-col-33 elementor-inner-column elementor-element elementor-element-510bde1\" data-id=\"510bde1\" data-element_type=\"column\">\n\t\t\t<div class=\"elementor-widget-wrap elementor-element-populated\">\n\t\t\t\t\t\t\t<\/div>\n\t\t<\/div>\n\t\t\t\t\t<\/div>\n\t\t<\/section>\n\t\t\t\t\t<\/div>\n\t\t<\/div>\n\t\t\t\t\t<\/div>\n\t\t<\/section>\n\t\t\t\t<section class=\"elementor-section elementor-top-section elementor-element elementor-element-3f24c42e elementor-section-boxed elementor-section-height-default elementor-section-height-default\" data-id=\"3f24c42e\" data-element_type=\"section\">\n\t\t\t\t\t\t<div class=\"elementor-container elementor-column-gap-default\">\n\t\t\t\t\t<div class=\"elementor-column elementor-col-100 elementor-top-column elementor-element elementor-element-10f71f7\" data-id=\"10f71f7\" data-element_type=\"column\">\n\t\t\t<div class=\"elementor-widget-wrap elementor-element-populated\">\n\t\t\t\t\t\t\t<\/div>\n\t\t<\/div>\n\t\t\t\t\t<\/div>\n\t\t<\/section>\n\t\t\t\t<section class=\"elementor-section elementor-top-section elementor-element elementor-element-968425a elementor-section-boxed elementor-section-height-default elementor-section-height-default\" data-id=\"968425a\" data-element_type=\"section\">\n\t\t\t\t\t\t<div class=\"elementor-container elementor-column-gap-default\">\n\t\t\t\t\t<div class=\"elementor-column elementor-col-33 elementor-top-column elementor-element elementor-element-43249de\" data-id=\"43249de\" data-element_type=\"column\">\n\t\t\t<div class=\"elementor-widget-wrap elementor-element-populated\">\n\t\t\t\t\t\t<div class=\"elementor-element elementor-element-b9635e2 elementor-widget elementor-widget-image\" data-id=\"b9635e2\" data-element_type=\"widget\" data-widget_type=\"image.default\">\n\t\t\t\t<div class=\"elementor-widget-container\">\n\t\t\t\t\t\t\t\t\t\t\t\t\t\t\t<img fetchpriority=\"high\" decoding=\"async\" width=\"1086\" height=\"799\" src=\"https:\/\/www.evaporatif.com.tr\/es\/wp-content\/uploads\/2022\/04\/kontrol-paneli.jpg\" class=\"attachment-full size-full wp-image-642\" alt=\"\" srcset=\"https:\/\/www.evaporatif.com.tr\/es\/wp-content\/uploads\/2022\/04\/kontrol-paneli.jpg 1086w, https:\/\/www.evaporatif.com.tr\/es\/wp-content\/uploads\/2022\/04\/kontrol-paneli-300x221.jpg 300w, https:\/\/www.evaporatif.com.tr\/es\/wp-content\/uploads\/2022\/04\/kontrol-paneli-1024x753.jpg 1024w, https:\/\/www.evaporatif.com.tr\/es\/wp-content\/uploads\/2022\/04\/kontrol-paneli-768x565.jpg 768w\" sizes=\"(max-width: 1086px) 100vw, 1086px\" \/>\t\t\t\t\t\t\t\t\t\t\t\t\t\t\t<\/div>\n\t\t\t\t<\/div>\n\t\t\t\t<div class=\"elementor-element elementor-element-4fbf676 elementor-widget elementor-widget-heading\" data-id=\"4fbf676\" data-element_type=\"widget\" data-widget_type=\"heading.default\">\n\t\t\t\t<div class=\"elementor-widget-container\">\n\t\t\t\t\t<h4 class=\"elementor-heading-title elementor-size-default\">Tabla de control<\/h4>\t\t\t\t<\/div>\n\t\t\t\t<\/div>\n\t\t\t\t\t<\/div>\n\t\t<\/div>\n\t\t\t\t<div class=\"elementor-column elementor-col-33 elementor-top-column elementor-element elementor-element-73cc0fe\" data-id=\"73cc0fe\" data-element_type=\"column\">\n\t\t\t<div class=\"elementor-widget-wrap elementor-element-populated\">\n\t\t\t\t\t\t<div class=\"elementor-element elementor-element-24613b2 elementor-widget elementor-widget-image\" data-id=\"24613b2\" data-element_type=\"widget\" data-widget_type=\"image.default\">\n\t\t\t\t<div class=\"elementor-widget-container\">\n\t\t\t\t\t\t\t\t\t\t\t\t\t\t\t<img decoding=\"async\" width=\"1119\" height=\"641\" src=\"https:\/\/www.evaporatif.com.tr\/es\/wp-content\/uploads\/2022\/04\/plenum.jpg\" class=\"attachment-full size-full wp-image-643\" alt=\"\" srcset=\"https:\/\/www.evaporatif.com.tr\/es\/wp-content\/uploads\/2022\/04\/plenum.jpg 1119w, https:\/\/www.evaporatif.com.tr\/es\/wp-content\/uploads\/2022\/04\/plenum-300x172.jpg 300w, https:\/\/www.evaporatif.com.tr\/es\/wp-content\/uploads\/2022\/04\/plenum-1024x587.jpg 1024w, https:\/\/www.evaporatif.com.tr\/es\/wp-content\/uploads\/2022\/04\/plenum-768x440.jpg 768w\" sizes=\"(max-width: 1119px) 100vw, 1119px\" \/>\t\t\t\t\t\t\t\t\t\t\t\t\t\t\t<\/div>\n\t\t\t\t<\/div>\n\t\t\t\t<div class=\"elementor-element elementor-element-4fdab63 elementor-widget elementor-widget-heading\" data-id=\"4fdab63\" data-element_type=\"widget\" data-widget_type=\"heading.default\">\n\t\t\t\t<div class=\"elementor-widget-container\">\n\t\t\t\t\t<h4 class=\"elementor-heading-title elementor-size-default\">asamblea plenaria<\/h4>\t\t\t\t<\/div>\n\t\t\t\t<\/div>\n\t\t\t\t\t<\/div>\n\t\t<\/div>\n\t\t\t\t<div class=\"elementor-column elementor-col-33 elementor-top-column elementor-element elementor-element-646dbb8\" data-id=\"646dbb8\" data-element_type=\"column\">\n\t\t\t<div class=\"elementor-widget-wrap elementor-element-populated\">\n\t\t\t\t\t\t<div class=\"elementor-element elementor-element-9f16982 elementor-widget elementor-widget-image\" data-id=\"9f16982\" data-element_type=\"widget\" data-widget_type=\"image.default\">\n\t\t\t\t<div class=\"elementor-widget-container\">\n\t\t\t\t\t\t\t\t\t\t\t\t\t\t\t<img decoding=\"async\" width=\"1085\" height=\"701\" src=\"https:\/\/www.evaporatif.com.tr\/es\/wp-content\/uploads\/2022\/04\/isitma-modulu.jpg\" class=\"attachment-full size-full wp-image-641\" alt=\"\" srcset=\"https:\/\/www.evaporatif.com.tr\/es\/wp-content\/uploads\/2022\/04\/isitma-modulu.jpg 1085w, https:\/\/www.evaporatif.com.tr\/es\/wp-content\/uploads\/2022\/04\/isitma-modulu-300x194.jpg 300w, https:\/\/www.evaporatif.com.tr\/es\/wp-content\/uploads\/2022\/04\/isitma-modulu-1024x662.jpg 1024w, https:\/\/www.evaporatif.com.tr\/es\/wp-content\/uploads\/2022\/04\/isitma-modulu-768x496.jpg 768w\" sizes=\"(max-width: 1085px) 100vw, 1085px\" \/>\t\t\t\t\t\t\t\t\t\t\t\t\t\t\t<\/div>\n\t\t\t\t<\/div>\n\t\t\t\t<div class=\"elementor-element elementor-element-46a1a97 elementor-widget elementor-widget-heading\" data-id=\"46a1a97\" data-element_type=\"widget\" data-widget_type=\"heading.default\">\n\t\t\t\t<div class=\"elementor-widget-container\">\n\t\t\t\t\t<h4 class=\"elementor-heading-title elementor-size-default\">M\u00f3dulo de calefacci\u00f3n<\/h4>\t\t\t\t<\/div>\n\t\t\t\t<\/div>\n\t\t\t\t\t<\/div>\n\t\t<\/div>\n\t\t\t\t\t<\/div>\n\t\t<\/section>\n\t\t\t\t<section class=\"elementor-section elementor-top-section elementor-element elementor-element-2882274 elementor-section-boxed elementor-section-height-default elementor-section-height-default\" data-id=\"2882274\" data-element_type=\"section\">\n\t\t\t\t\t\t<div class=\"elementor-container elementor-column-gap-default\">\n\t\t\t\t\t<div class=\"elementor-column elementor-col-100 elementor-top-column elementor-element elementor-element-ea46628\" data-id=\"ea46628\" data-element_type=\"column\">\n\t\t\t<div class=\"elementor-widget-wrap elementor-element-populated\">\n\t\t\t\t\t\t<div class=\"elementor-element elementor-element-1211814 elementor-widget elementor-widget-heading\" data-id=\"1211814\" data-element_type=\"widget\" data-widget_type=\"heading.default\">\n\t\t\t\t<div class=\"elementor-widget-container\">\n\t\t\t\t\t<h2 class=\"elementor-heading-title elementor-size-default\">\u00bfQu\u00e9 es el control de la calidad del aire?<\/h2>\t\t\t\t<\/div>\n\t\t\t\t<\/div>\n\t\t\t\t<div class=\"elementor-element elementor-element-f25399e elementor-widget elementor-widget-text-editor\" data-id=\"f25399e\" data-element_type=\"widget\" data-widget_type=\"text-editor.default\">\n\t\t\t\t<div class=\"elementor-widget-container\">\n\t\t\t\t\t\t\t\t\t<p>El servicio de control de calidad del aire de Evaporative est\u00e1 dise\u00f1ado para mover part\u00edculas y bacterias da\u00f1inas del aire usando una variedad de procesos mec\u00e1nicos.<\/p>\t\t\t\t\t\t\t\t<\/div>\n\t\t\t\t<\/div>\n\t\t\t\t<div class=\"elementor-element elementor-element-8735f07 elementor-widget elementor-widget-heading\" data-id=\"8735f07\" data-element_type=\"widget\" data-widget_type=\"heading.default\">\n\t\t\t\t<div class=\"elementor-widget-container\">\n\t\t\t\t\t<h3 class=\"elementor-heading-title elementor-size-default\">Evacuaci\u00f3n de humo<\/h3>\t\t\t\t<\/div>\n\t\t\t\t<\/div>\n\t\t\t\t<div class=\"elementor-element elementor-element-ee8da6f elementor-widget elementor-widget-text-editor\" data-id=\"ee8da6f\" data-element_type=\"widget\" data-widget_type=\"text-editor.default\">\n\t\t\t\t<div class=\"elementor-widget-container\">\n\t\t\t\t\t\t\t\t\t<p>Garantizar una ventilaci\u00f3n adecuada en el entorno de trabajo proporciona muchos beneficios a los edificios cerrados que trabajan en el mismo entorno con humo y gases. Los sistemas de extracci\u00f3n de humo son vitales para la salud y la seguridad de su personal y pueden ayudar a aumentar las tasas de productividad diaria de su negocio.<\/p><p>Es fundamental establecer los sistemas de extracci\u00f3n de polvo y humo m\u00e1s eficaces y adecuados en recintos cerrados, en el \u00e1mbito del control de la calidad del aire en entornos de trabajo industriales y en las instalaciones de almacenamiento.<\/p>\t\t\t\t\t\t\t\t<\/div>\n\t\t\t\t<\/div>\n\t\t\t\t<div class=\"elementor-element elementor-element-f7b1c72 elementor-widget elementor-widget-heading\" data-id=\"f7b1c72\" data-element_type=\"widget\" data-widget_type=\"heading.default\">\n\t\t\t\t<div class=\"elementor-widget-container\">\n\t\t\t\t\t<h3 class=\"elementor-heading-title elementor-size-default\">Ventilaci\u00f3n de recuperaci\u00f3n de calor<\/h3>\t\t\t\t<\/div>\n\t\t\t\t<\/div>\n\t\t\t\t<div class=\"elementor-element elementor-element-92c5fd4 elementor-widget elementor-widget-text-editor\" data-id=\"92c5fd4\" data-element_type=\"widget\" data-widget_type=\"text-editor.default\">\n\t\t\t\t<div class=\"elementor-widget-container\">\n\t\t\t\t\t\t\t\t\t<p>La ventilaci\u00f3n con recuperaci\u00f3n de calor es una parte esencial de cualquier sistema de ventilaci\u00f3n. Al garantizar que la transferencia de calor est\u00e9 regulada y controlada, su elecci\u00f3n de ventilaci\u00f3n lo ayudar\u00e1 a ahorrar dinero y administrar su negocio de manera m\u00e1s eficiente.<\/p>\t\t\t\t\t\t\t\t<\/div>\n\t\t\t\t<\/div>\n\t\t\t\t<div class=\"elementor-element elementor-element-c18a53e elementor-widget elementor-widget-heading\" data-id=\"c18a53e\" data-element_type=\"widget\" data-widget_type=\"heading.default\">\n\t\t\t\t<div class=\"elementor-widget-container\">\n\t\t\t\t\t<h3 class=\"elementor-heading-title elementor-size-default\">Soporte profesional<\/h3>\t\t\t\t<\/div>\n\t\t\t\t<\/div>\n\t\t\t\t<div class=\"elementor-element elementor-element-86596da elementor-widget elementor-widget-text-editor\" data-id=\"86596da\" data-element_type=\"widget\" data-widget_type=\"text-editor.default\">\n\t\t\t\t<div class=\"elementor-widget-container\">\n\t\t\t\t\t\t\t\t\t<p>El experimentado equipo de expertos en ventilaci\u00f3n de Evaporative ofrece sistemas y paquetes de mantenimiento preventivo planificado para cumplir con las especificaciones de control de calidad del aire en las instalaciones de producci\u00f3n y almacenamiento de alimentos.<\/p><p>Adem\u00e1s, el departamento de servicio y mantenimiento evaporativo ofrece libros de registro de filtraci\u00f3n del sistema completo para garantizar que los filtros se mantengan regularmente y que la calidad del aire cumpla con los criterios de dise\u00f1o especificados.<\/p><p>El servicio de extracci\u00f3n de humo de Evaporatif se basa completamente en los espacios individuales y las necesidades del cliente. Dado que los sistemas de extracci\u00f3n de humos var\u00edan seg\u00fan las condiciones del \u00e1rea a ventilar, nuestros expertos dise\u00f1ar\u00e1n e implementar\u00e1n el sistema m\u00e1s efectivo para usted.<\/p>\t\t\t\t\t\t\t\t<\/div>\n\t\t\t\t<\/div>\n\t\t\t\t<div class=\"elementor-element elementor-element-45bb97d elementor-widget elementor-widget-heading\" data-id=\"45bb97d\" data-element_type=\"widget\" data-widget_type=\"heading.default\">\n\t\t\t\t<div class=\"elementor-widget-container\">\n\t\t\t\t\t<h2 class=\"elementor-heading-title elementor-size-default\">Calidad del aire\ncontrol<\/h2>\t\t\t\t<\/div>\n\t\t\t\t<\/div>\n\t\t\t\t<div class=\"elementor-element elementor-element-3c52f25 elementor-widget elementor-widget-text-editor\" data-id=\"3c52f25\" data-element_type=\"widget\" data-widget_type=\"text-editor.default\">\n\t\t\t\t<div class=\"elementor-widget-container\">\n\t\t\t\t\t\t\t\t\t<p>Todos los sistemas de control de calidad del aire de Evaporatif vienen con ventilaci\u00f3n de escape local, que elimina las bacterias da\u00f1inas del aire, proporcionando entornos de producci\u00f3n y almacenamiento seguros y adecuados.<\/p><p>Evaporatif se especializa en brindar servicios de ventilaci\u00f3n de calidad del aire, especialmente para las industrias de fabricaci\u00f3n y almacenamiento de alimentos.<\/p>\t\t\t\t\t\t\t\t<\/div>\n\t\t\t\t<\/div>\n\t\t\t\t<div class=\"elementor-element elementor-element-701bd4a elementor-widget elementor-widget-image\" data-id=\"701bd4a\" data-element_type=\"widget\" data-widget_type=\"image.default\">\n\t\t\t\t<div class=\"elementor-widget-container\">\n\t\t\t\t\t\t\t\t\t\t\t\t\t\t\t<img loading=\"lazy\" decoding=\"async\" width=\"800\" height=\"551\" src=\"https:\/\/www.evaporatif.com.tr\/es\/wp-content\/uploads\/2022\/04\/kontrol-1024x705.jpg\" class=\"attachment-large size-large wp-image-650\" alt=\"\" srcset=\"https:\/\/www.evaporatif.com.tr\/es\/wp-content\/uploads\/2022\/04\/kontrol-1024x705.jpg 1024w, https:\/\/www.evaporatif.com.tr\/es\/wp-content\/uploads\/2022\/04\/kontrol-300x206.jpg 300w, https:\/\/www.evaporatif.com.tr\/es\/wp-content\/uploads\/2022\/04\/kontrol-768x529.jpg 768w, https:\/\/www.evaporatif.com.tr\/es\/wp-content\/uploads\/2022\/04\/kontrol.jpg 1280w\" sizes=\"(max-width: 800px) 100vw, 800px\" \/>\t\t\t\t\t\t\t\t\t\t\t\t\t\t\t<\/div>\n\t\t\t\t<\/div>\n\t\t\t\t\t<\/div>\n\t\t<\/div>\n\t\t\t\t\t<\/div>\n\t\t<\/section>\n\t\t\t\t<\/div>\n\t\t","protected":false},"excerpt":{"rendered":"<p>p\u00e1gina de inicio &gt; Tabla de control asamblea plenaria M\u00f3dulo de calefacci\u00f3n \u00bfQu\u00e9 es el control de la calidad del aire? El servicio de control de calidad del aire de Evaporative est\u00e1 dise\u00f1ado para mover part\u00edculas y bacterias da\u00f1inas del aire usando una variedad de procesos mec\u00e1nicos. Evacuaci\u00f3n de humo Garantizar una ventilaci\u00f3n adecuada en [&hellip;]<\/p>\n","protected":false},"author":1,"featured_media":0,"parent":0,"menu_order":0,"comment_status":"closed","ping_status":"closed","template":"elementor_header_footer","meta":{"footnotes":""},"class_list":["post-579","page","type-page","status-publish","hentry"],"aioseo_notices":[],"_links":{"self":[{"href":"https:\/\/www.evaporatif.com.tr\/es\/wp-json\/wp\/v2\/pages\/579","targetHints":{"allow":["GET"]}}],"collection":[{"href":"https:\/\/www.evaporatif.com.tr\/es\/wp-json\/wp\/v2\/pages"}],"about":[{"href":"https:\/\/www.evaporatif.com.tr\/es\/wp-json\/wp\/v2\/types\/page"}],"author":[{"embeddable":true,"href":"https:\/\/www.evaporatif.com.tr\/es\/wp-json\/wp\/v2\/users\/1"}],"replies":[{"embeddable":true,"href":"https:\/\/www.evaporatif.com.tr\/es\/wp-json\/wp\/v2\/comments?post=579"}],"version-history":[{"count":35,"href":"https:\/\/www.evaporatif.com.tr\/es\/wp-json\/wp\/v2\/pages\/579\/revisions"}],"predecessor-version":[{"id":1066,"href":"https:\/\/www.evaporatif.com.tr\/es\/wp-json\/wp\/v2\/pages\/579\/revisions\/1066"}],"wp:attachment":[{"href":"https:\/\/www.evaporatif.com.tr\/es\/wp-json\/wp\/v2\/media?parent=579"}],"curies":[{"name":"wp","href":"https:\/\/api.w.org\/{rel}","templated":true}]}}