{"id":338,"date":"2022-04-21T17:07:56","date_gmt":"2022-04-21T14:07:56","guid":{"rendered":"https:\/\/www.evaporatif.com.tr\/sr\/?page_id=338"},"modified":"2022-04-23T13:46:50","modified_gmt":"2022-04-23T10:46:50","slug":"privacy-policy","status":"publish","type":"page","link":"https:\/\/www.evaporatif.com.tr\/sr\/privacy-policy\/","title":{"rendered":"\u041f\u0440\u0430\u0432\u0438\u043b\u0430 \u043e \u043f\u0440\u0438\u0432\u0430\u0442\u043d\u043e\u0441\u0442\u0438"},"content":{"rendered":"\t\t<div data-elementor-type=\"wp-page\" data-elementor-id=\"338\" class=\"elementor elementor-338\">\n\t\t\t\t\t\t<section class=\"elementor-section elementor-top-section elementor-element elementor-element-0d83d36 elementor-section-boxed elementor-section-height-default elementor-section-height-default\" data-id=\"0d83d36\" data-element_type=\"section\" data-settings=\"{&quot;background_background&quot;:&quot;classic&quot;}\">\n\t\t\t\t\t\t\t<div class=\"elementor-background-overlay\"><\/div>\n\t\t\t\t\t\t\t<div class=\"elementor-container elementor-column-gap-default\">\n\t\t\t\t\t<div class=\"elementor-column elementor-col-100 elementor-top-column elementor-element elementor-element-2df8dd2\" data-id=\"2df8dd2\" data-element_type=\"column\">\n\t\t\t<div class=\"elementor-widget-wrap elementor-element-populated\">\n\t\t\t\t\t\t<section class=\"elementor-section elementor-inner-section elementor-element elementor-element-3541851 elementor-section-boxed elementor-section-height-default elementor-section-height-default\" data-id=\"3541851\" data-element_type=\"section\">\n\t\t\t\t\t\t<div class=\"elementor-container elementor-column-gap-default\">\n\t\t\t\t\t<div class=\"elementor-column elementor-col-33 elementor-inner-column elementor-element elementor-element-d62684e\" data-id=\"d62684e\" data-element_type=\"column\">\n\t\t\t<div class=\"elementor-widget-wrap elementor-element-populated\">\n\t\t\t\t\t\t<div class=\"elementor-element elementor-element-7a61693 elementor-widget elementor-widget-heading\" data-id=\"7a61693\" data-element_type=\"widget\" data-widget_type=\"heading.default\">\n\t\t\t\t<div class=\"elementor-widget-container\">\n\t\t\t\t\t<h6 class=\"elementor-heading-title elementor-size-default\"><a href=\"https:\/\/www.evaporatif.com.tr\/sr\">Ana Sayfa<\/a><\/h6>\t\t\t\t<\/div>\n\t\t\t\t<\/div>\n\t\t\t\t\t<\/div>\n\t\t<\/div>\n\t\t\t\t<div class=\"elementor-column elementor-col-33 elementor-inner-column elementor-element elementor-element-47fb19d\" data-id=\"47fb19d\" data-element_type=\"column\">\n\t\t\t<div class=\"elementor-widget-wrap elementor-element-populated\">\n\t\t\t\t\t\t<div class=\"elementor-element elementor-element-3081b81 elementor-widget elementor-widget-heading\" data-id=\"3081b81\" data-element_type=\"widget\" data-widget_type=\"heading.default\">\n\t\t\t\t<div class=\"elementor-widget-container\">\n\t\t\t\t\t<h6 class=\"elementor-heading-title elementor-size-default\">&gt;<\/h6>\t\t\t\t<\/div>\n\t\t\t\t<\/div>\n\t\t\t\t\t<\/div>\n\t\t<\/div>\n\t\t\t\t<div class=\"elementor-column elementor-col-33 elementor-inner-column elementor-element elementor-element-479d866\" data-id=\"479d866\" data-element_type=\"column\">\n\t\t\t<div class=\"elementor-widget-wrap elementor-element-populated\">\n\t\t\t\t\t\t\t<\/div>\n\t\t<\/div>\n\t\t\t\t\t<\/div>\n\t\t<\/section>\n\t\t\t\t\t<\/div>\n\t\t<\/div>\n\t\t\t\t\t<\/div>\n\t\t<\/section>\n\t\t\t\t<section class=\"elementor-section elementor-top-section elementor-element elementor-element-b69f905 elementor-section-boxed elementor-section-height-default elementor-section-height-default\" data-id=\"b69f905\" data-element_type=\"section\">\n\t\t\t\t\t\t<div class=\"elementor-container elementor-column-gap-default\">\n\t\t\t\t\t<div class=\"elementor-column elementor-col-100 elementor-top-column elementor-element elementor-element-2ff07a3\" data-id=\"2ff07a3\" data-element_type=\"column\">\n\t\t\t<div class=\"elementor-widget-wrap elementor-element-populated\">\n\t\t\t\t\t\t<div class=\"elementor-element elementor-element-aaf3280 elementor-widget elementor-widget-text-editor\" data-id=\"aaf3280\" data-element_type=\"widget\" data-widget_type=\"text-editor.default\">\n\t\t\t\t<div class=\"elementor-widget-container\">\n\t\t\t\t\t\t\t\t\t<p>Hizmetin Al\u0131nabilmesine Ba\u011fl\u0131 Ki\u015fisel Bilgilerin Verilmesi \/ De\u011fi\u015ftirilmesi Evaporatif A.\u015e. Kullan\u0131c\u0131lar\u0131, hizmeti alabilmek i\u00e7in baz\u0131 ki\u015fisel bilgilerini Evaporatif A.\u015e. ile payla\u015fmaktad\u0131rlar. Elde edilen t\u00fcm bu bilgiler, sadece Evaporatif A.\u015e. veri taban\u0131nda bulunmaktad\u0131r. Evaporatif A.\u015e.`ndaki dola\u015f\u0131mlar\u0131 s\u0131ras\u0131nda ki\u015fisel bilgilerini de\u011fi\u015ftirme \u015fans\u0131na sahiptirler. Evaporatif A.\u015e. Kullan\u0131c\u0131lar\u0131, ana sayfadan verilen link arac\u0131l\u0131\u011f\u0131yla ula\u015fabilecekleri \u201cAbone \u0130\u015flemleri\u201d nden vermi\u015f olduklar\u0131 bilgileri d\u00fczeltme ve de\u011fi\u015ftirmeyi ger\u00e7ekle\u015ftirebilirler. Bu bilgiler sadece Kullan\u0131c\u0131 taraf\u0131ndan de\u011fi\u015ftirilebilmektedir. Payla\u015f\u0131lm\u0131\u015f olan bilgilerin ge\u00e7erlili\u011fi, de\u011fi\u015ftirilen yeni bilgiler hem Evaporatif A.\u015e., hem de Evaporatif A.\u015e.\u2019n\u0131n di\u011fer e-posta, an\u0131nda mesajla\u015fma gibi online hizmetleri i\u00e7in ge\u00e7erlidir.<\/p><p><strong>Di\u011fer Kullan\u0131c\u0131 Bilgilerinin Toplanmas\u0131<\/strong><\/p><p>Evaporatif A.\u015e., kullan\u0131c\u0131lar\u0131n\u0131n sitedeki dola\u015f\u0131mlar\u0131 s\u0131ras\u0131nda ziyaret edilen b\u00f6l\u00fcmler, t\u0131klanan alanlar gibi \u00f6zellikleri otomatik olarak toplamaktad\u0131r. Bu veriler, sadece b\u00f6l\u00fcmlerin, farkl\u0131 alanlar\u0131n izlenme, takip edilme oranlar\u0131n\u0131n tespiti i\u00e7in kullan\u0131lmaktad\u0131r. Sayfalar\u0131n nereden ge\u00e7erek ya da ne \u015fekilde ziyaret edildi\u011fini belirleyen \u201ccookie\u201d adl\u0131 teknolojinin kullan\u0131ld\u0131\u011f\u0131 durumlarda ayn\u0131 \u015fekilde sitenin farkl\u0131 alanlar\u0131n\u0131n izlenme, t\u0131klanma oranlar\u0131n\u0131n belirlenmesinde istatistiki veri olarak toplanmakta olup; ki\u015fiye \u00f6zel yap\u0131lan bir uygulama de\u011fildir. Bu teknoloji ile ama\u00e7lanan, kullan\u0131c\u0131lar\u0131n daha s\u0131kl\u0131kla ziyaret ettikleri b\u00f6l\u00fcmlere ait i\u00e7eri\u011fi, siteye ilk ziyaretinden itibaren kullan\u0131c\u0131 i\u00e7in daha kolay ula\u015f\u0131l\u0131r k\u0131lmakt\u0131r.<\/p><p><strong>Bilgilerinizin Payla\u015f\u0131m\u0131<\/strong><\/p><p>Evaporatif A.\u015e. Kullan\u0131c\u0131s\u0131 olman\u0131z durumunda, sitedeki ziyaretlerinizin istatistiki takibi d\u0131\u015f\u0131nda abonelik s\u0131ras\u0131nda payla\u015fm\u0131\u015f oldu\u011funuz baz\u0131 ki\u015fisel bilgiler (ya\u015f, cinsiyet gibi) ile e-posta gibi ki\u015fiye \u00f6zel alanlar\u0131n\u0131z da Evaporatif A.\u015e.taraf\u0131ndan payla\u015f\u0131lmamaktad\u0131r. Evaporatif A.\u015e., ki\u015fisel bilgilerinizi tamamen gizli tutacakt\u0131r ve hi\u00e7 bir ticari ama\u00e7la 3. ki\u015fi veya kurulu\u015flarla payla\u015fmayacakt\u0131r. T\u00fcm bu ki\u015fisel bilgiler, sitedeki tercihler ve Evaporatif A.\u015e. Kullan\u0131c\u0131s\u0131 olmak suretiyle elde edilen e-posta vb. haklar tamamen Evaporatif A.\u015e. veri taban\u0131nda ve gizli olarak tutulmaktad\u0131r. Evaporatif A.\u015e., kullan\u0131c\u0131lara ait bilgileri ancak a\u015fa\u011f\u0131da belirtilen haller gerektirdi\u011fi takdirde a\u00e7\u0131klamak hakk\u0131na sahiptir:<\/p><ul><li>Kullan\u0131c\u0131n\u0131n, \u015fahsi bilgilerinin payla\u015f\u0131lmas\u0131 konusunda izni var ise,<\/li><li>Evaporatif A.\u015e.`n\u0131n kendi b\u00fcnyesinde kullan\u0131lmak \u00fczere kullan\u0131c\u0131 profillerinin belirlenmesi amac\u0131yla,<\/li><li>Kullan\u0131c\u0131n\u0131n, Evaporatif A.\u015e.`ndan talep etti\u011fi \u00fcr\u00fcn ve hizmetlerin geli\u015ftirilmesi, temin edilmesi veya size sunulan servis ve ara\u00e7larla ilgili problemlerin giderilmesi amac\u0131yla,<\/li><li>Kullan\u0131c\u0131ya \u00fcr\u00fcn ve servisler sunarken, birlikle \u00e7al\u0131\u015ft\u0131\u011f\u0131 (i\u015fbirli\u011fi yapt\u0131\u011f\u0131) firmalara, bu \u00fcr\u00fcn ve servislerin sa\u011flanmas\u0131nda kullan\u0131lmak \u00fczere,<\/li><li>Yasal soru\u015fturmalar esnas\u0131nda, mahkeme karar\u0131 gere\u011fi veya yasal prosed\u00fcrler gerektirdi\u011fi takdirde.<\/li><\/ul><p>Bu veriler zaman zaman kullan\u0131c\u0131n\u0131n ilgisini \u00e7ekebilece\u011fini d\u00fc\u015f\u00fcnd\u00fc\u011f\u00fcm\u00fcz konular, i\u00e7erikler, farkl\u0131 hizmet ve \u00e7al\u0131\u015fmalardan kullan\u0131c\u0131y\u0131 haberdar etmek amac\u0131yla kullan\u0131lmaktad\u0131r. Ama bu kullan\u0131m gerek Evaporatif A.\u015e. portal\u0131ndaki online aktivite, gerekse Evaporatif A.\u015e.`na ba\u011fl\u0131 e-posta, an\u0131nda mesajla\u015fma gibi di\u011fer online faaliyetler olsun sadece Evaporatif A.\u015e. taraf\u0131ndan kullan\u0131lmakta, saklanmakta ve yine Evaporatif A.\u015e. arac\u0131l\u0131\u011f\u0131yla size ula\u015ft\u0131r\u0131lmaktad\u0131r. Evaporatif A.\u015e. \u015fahsi bilgilerinizin yukar\u0131daki \u015fartlar \u00e7er\u00e7evesinde kullan\u0131lmas\u0131 sonucu meydana gelebilecek zararlardan dolay\u0131 sorumluluk kabul etmez.<\/p><p>Servislerimizden yararlananlar b\u00fct\u00fcn bu \u015fartlar\u0131 okumu\u015f ve kabul etmi\u015f say\u0131l\u0131rlar. Evaporatif A.\u015e., yukar\u0131da yer alan a\u00e7\u0131klamalar\u0131 \u00f6nceden haber vermeksizin de\u011fi\u015ftirme hakk\u0131n\u0131 sakl\u0131 tutar.<\/p><p>\u201cEvaporatif A.\u015e. web sitesi\u201d veya \u201cWeb Sitesi\u201d; Evaporatif A.\u015e. `na ait t\u00fcm ana ve alt web siteleri anlam\u0131n\u0131 ta\u015f\u0131maktad\u0131r.<\/p><p>L\u00fctfen Evaporatif A.\u015e. web sitesini kullanmadan \u00f6nce kullan\u0131m \u015fartlar\u0131n\u0131 okuyunuz. Baz\u0131 alt web sitelerimiz i\u00e7in ek kullan\u0131m \u015fartlar\u0131 genel kullan\u0131m \u015fartlar\u0131yla beraber ge\u00e7erlidir.<\/p>\t\t\t\t\t\t\t\t<\/div>\n\t\t\t\t<\/div>\n\t\t\t\t\t<\/div>\n\t\t<\/div>\n\t\t\t\t\t<\/div>\n\t\t<\/section>\n\t\t\t\t<\/div>\n\t\t","protected":false},"excerpt":{"rendered":"<p>Ana Sayfa &gt; Hizmetin Al\u0131nabilmesine Ba\u011fl\u0131 Ki\u015fisel Bilgilerin Verilmesi \/ De\u011fi\u015ftirilmesi Evaporatif A.\u015e. Kullan\u0131c\u0131lar\u0131, hizmeti alabilmek i\u00e7in baz\u0131 ki\u015fisel bilgilerini Evaporatif A.\u015e. ile payla\u015fmaktad\u0131rlar. Elde edilen t\u00fcm bu bilgiler, sadece Evaporatif A.\u015e. veri taban\u0131nda bulunmaktad\u0131r. Evaporatif A.\u015e.`ndaki dola\u015f\u0131mlar\u0131 s\u0131ras\u0131nda ki\u015fisel bilgilerini de\u011fi\u015ftirme \u015fans\u0131na sahiptirler. Evaporatif A.\u015e. Kullan\u0131c\u0131lar\u0131, ana sayfadan verilen link arac\u0131l\u0131\u011f\u0131yla ula\u015fabilecekleri \u201cAbone \u0130\u015flemleri\u201d [&hellip;]<\/p>\n","protected":false},"author":1,"featured_media":0,"parent":0,"menu_order":0,"comment_status":"closed","ping_status":"closed","template":"elementor_header_footer","meta":{"footnotes":""},"class_list":["post-338","page","type-page","status-publish","hentry"],"aioseo_notices":[],"_links":{"self":[{"href":"https:\/\/www.evaporatif.com.tr\/sr\/wp-json\/wp\/v2\/pages\/338","targetHints":{"allow":["GET"]}}],"collection":[{"href":"https:\/\/www.evaporatif.com.tr\/sr\/wp-json\/wp\/v2\/pages"}],"about":[{"href":"https:\/\/www.evaporatif.com.tr\/sr\/wp-json\/wp\/v2\/types\/page"}],"author":[{"embeddable":true,"href":"https:\/\/www.evaporatif.com.tr\/sr\/wp-json\/wp\/v2\/users\/1"}],"replies":[{"embeddable":true,"href":"https:\/\/www.evaporatif.com.tr\/sr\/wp-json\/wp\/v2\/comments?post=338"}],"version-history":[{"count":11,"href":"https:\/\/www.evaporatif.com.tr\/sr\/wp-json\/wp\/v2\/pages\/338\/revisions"}],"predecessor-version":[{"id":1019,"href":"https:\/\/www.evaporatif.com.tr\/sr\/wp-json\/wp\/v2\/pages\/338\/revisions\/1019"}],"wp:attachment":[{"href":"https:\/\/www.evaporatif.com.tr\/sr\/wp-json\/wp\/v2\/media?parent=338"}],"curies":[{"name":"wp","href":"https:\/\/api.w.org\/{rel}","templated":true}]}}