{"id":340,"date":"2022-04-21T17:08:07","date_gmt":"2022-04-21T14:08:07","guid":{"rendered":"https:\/\/www.evaporatif.com.tr\/sr\/gizlilik-politikasi-copy\/"},"modified":"2022-04-23T13:47:22","modified_gmt":"2022-04-23T10:47:22","slug":"protection-of-personal-data","status":"publish","type":"page","link":"https:\/\/www.evaporatif.com.tr\/sr\/protection-of-personal-data\/","title":{"rendered":"\u0417\u0430\u0448\u0442\u0438\u0442\u0430 \u043b\u0438\u0447\u043d\u0438\u0445 \u043f\u043e\u0434\u0430\u0442\u0430\u043a\u0430"},"content":{"rendered":"\t\t<div data-elementor-type=\"wp-page\" data-elementor-id=\"340\" class=\"elementor elementor-340\">\n\t\t\t\t\t\t<section class=\"elementor-section elementor-top-section elementor-element elementor-element-4ef0fa6 elementor-section-boxed elementor-section-height-default elementor-section-height-default\" data-id=\"4ef0fa6\" data-element_type=\"section\" data-settings=\"{&quot;background_background&quot;:&quot;classic&quot;}\">\n\t\t\t\t\t\t\t<div class=\"elementor-background-overlay\"><\/div>\n\t\t\t\t\t\t\t<div class=\"elementor-container elementor-column-gap-default\">\n\t\t\t\t\t<div class=\"elementor-column elementor-col-100 elementor-top-column elementor-element elementor-element-8c3aca9\" data-id=\"8c3aca9\" data-element_type=\"column\">\n\t\t\t<div class=\"elementor-widget-wrap elementor-element-populated\">\n\t\t\t\t\t\t<section class=\"elementor-section elementor-inner-section elementor-element elementor-element-b811230 elementor-section-boxed elementor-section-height-default elementor-section-height-default\" data-id=\"b811230\" data-element_type=\"section\">\n\t\t\t\t\t\t<div class=\"elementor-container elementor-column-gap-default\">\n\t\t\t\t\t<div class=\"elementor-column elementor-col-33 elementor-inner-column elementor-element elementor-element-2795d65\" data-id=\"2795d65\" data-element_type=\"column\">\n\t\t\t<div class=\"elementor-widget-wrap elementor-element-populated\">\n\t\t\t\t\t\t<div class=\"elementor-element elementor-element-471321b elementor-widget elementor-widget-heading\" data-id=\"471321b\" data-element_type=\"widget\" data-widget_type=\"heading.default\">\n\t\t\t\t<div class=\"elementor-widget-container\">\n\t\t\t\t\t<h6 class=\"elementor-heading-title elementor-size-default\"><a href=\"https:\/\/www.evaporatif.com.tr\/sr\">Ana Sayfa<\/a><\/h6>\t\t\t\t<\/div>\n\t\t\t\t<\/div>\n\t\t\t\t\t<\/div>\n\t\t<\/div>\n\t\t\t\t<div class=\"elementor-column elementor-col-33 elementor-inner-column elementor-element elementor-element-69264e1\" data-id=\"69264e1\" data-element_type=\"column\">\n\t\t\t<div class=\"elementor-widget-wrap elementor-element-populated\">\n\t\t\t\t\t\t<div class=\"elementor-element elementor-element-8b7d0b4 elementor-widget elementor-widget-heading\" data-id=\"8b7d0b4\" data-element_type=\"widget\" data-widget_type=\"heading.default\">\n\t\t\t\t<div class=\"elementor-widget-container\">\n\t\t\t\t\t<h6 class=\"elementor-heading-title elementor-size-default\">&gt;<\/h6>\t\t\t\t<\/div>\n\t\t\t\t<\/div>\n\t\t\t\t\t<\/div>\n\t\t<\/div>\n\t\t\t\t<div class=\"elementor-column elementor-col-33 elementor-inner-column elementor-element elementor-element-8b87bad\" data-id=\"8b87bad\" data-element_type=\"column\">\n\t\t\t<div class=\"elementor-widget-wrap elementor-element-populated\">\n\t\t\t\t\t\t\t<\/div>\n\t\t<\/div>\n\t\t\t\t\t<\/div>\n\t\t<\/section>\n\t\t\t\t\t<\/div>\n\t\t<\/div>\n\t\t\t\t\t<\/div>\n\t\t<\/section>\n\t\t\t\t<section class=\"elementor-section elementor-top-section elementor-element elementor-element-bef703e elementor-section-boxed elementor-section-height-default elementor-section-height-default\" data-id=\"bef703e\" data-element_type=\"section\">\n\t\t\t\t\t\t<div class=\"elementor-container elementor-column-gap-default\">\n\t\t\t\t\t<div class=\"elementor-column elementor-col-100 elementor-top-column elementor-element elementor-element-318d849\" data-id=\"318d849\" data-element_type=\"column\">\n\t\t\t<div class=\"elementor-widget-wrap elementor-element-populated\">\n\t\t\t\t\t\t<div class=\"elementor-element elementor-element-e86e64c elementor-widget elementor-widget-text-editor\" data-id=\"e86e64c\" data-element_type=\"widget\" data-widget_type=\"text-editor.default\">\n\t\t\t\t<div class=\"elementor-widget-container\">\n\t\t\t\t\t\t\t\t\t<p><strong>K\u0130\u015e\u0130SEL VER\u0130LER\u0130N KORUNMASI AYDINLATMA METN\u0130<\/strong><\/p><p>Ki\u015fisel verilerin i\u015flenmesinde ba\u015fta \u00f6zel hayat\u0131n gizlili\u011fi olmak \u00fczere ki\u015filerin temel hak ve \u00f6zg\u00fcrl\u00fcklerini korumak ve ki\u015fisel verileri i\u015fleyen ger\u00e7ek ve t\u00fczel ki\u015filerin y\u00fck\u00fcml\u00fcl\u00fckleri belirlemek amac\u0131yla 7 Nisan 2016 tarihli ve 29677 Say\u0131l\u0131 Resm\u00ee Gazete\u2019de yay\u0131mlanan 6698 say\u0131l\u0131 Ki\u015fisel Verilerin Korunmas\u0131 Kanunu (KVKK) hususunda EVAPORAT\u0130F A.\u015e. olarak Veri Sorumlusu s\u0131fat\u0131yla Kanun\u2019un \u201cVeri Sorumlusunun Ayd\u0131nlatma Y\u00fck\u00fcml\u00fcl\u00fc\u011f\u00fc\u201d ba\u015fl\u0131kl\u0131 10. maddesi uyar\u0131nca sizleri bilgilendirmek isteriz.<\/p><p>EVAPORAT\u0130F A.\u015e. M\u00fc\u015fterileri ve\/veya M\u00fc\u015fteri\u2019nin yetkililerinden ald\u0131\u011f\u0131 ki\u015fisel bilgilerin gizlili\u011fini korumak i\u00e7in sistem altyap\u0131s\u0131 ve internet sunumlar\u0131n\u0131 en g\u00fcvenilir seviyede tutmaktad\u0131r.<\/p><p><strong>K\u0130\u015e\u0130SEL VER\u0130LER\u0130N \u0130\u015eLENME AMACI<\/strong><\/p><p>EVAPORAT\u0130F A.\u015e. M\u00fc\u015fterileri ve M\u00fc\u015fterilerinin yetkililerinden zorunlu olarak almas\u0131 gereken bilgilerin yan\u0131nda yaln\u0131zca, vermeyi hedefledi\u011fi en iyi hizmet ve \u00fcr\u00fcn\u00fc sa\u011flamak amac\u0131 ile gerekli oldu\u011funu d\u00fc\u015f\u00fcnd\u00fc\u011f\u00fc ki\u015fisel verileri, yasal d\u00fczenlemelerin imk\u00e2n verdi\u011fi \u00f6l\u00e7\u00fcde i\u015flemekte, saklamakta ve aktarmaktad\u0131r. Bu ba\u011flamda ki\u015fisel veriler, \u015eirketimiz \u00fcr\u00fcn ve hizmetlerinin sunulabilmesi ve bu kapsamda gerekli i\u015flerin y\u00fcr\u00fct\u00fclmesi, a\u00e7\u0131k r\u0131zan\u0131z\u0131n varl\u0131\u011f\u0131 halinde \u00fcr\u00fcn ve hizmetlerimiz ile ilgili olarak taraf\u0131n\u0131zca ileti\u015fime ge\u00e7ilmesi, pazarlama faaliyetlerinde bulunulmas\u0131, m\u00fc\u015fteri edinimi \u00e7al\u0131\u015fmalar\u0131n\u0131n ger\u00e7ekle\u015ftirilmesi ve bununla ilgili olarak \u00fcr\u00fcn ve hizmetlerimize ili\u015fkin tekliflerin payla\u015f\u0131lmas\u0131, \u015eirket faaliyetleri kapsam\u0131nda yap\u0131lmas\u0131 gerekli g\u00f6r\u00fc\u015fen raporlamalar\u0131n, incelemelerin yap\u0131lmas\u0131 vb. ama\u00e7lar kapsam\u0131nda i\u015flenmektedir.<\/p><p><strong>K\u0130\u015e\u0130SEL VER\u0130LER\u0130N TOPLANMASI VE HUKUK\u0130 SEBEP<\/strong><\/p><p>EVAPORAT\u0130F A.\u015e. M\u00fc\u015fteri\u2019nin ve\/veya M\u00fc\u015fteri\u2019in yetkililerinin ki\u015fisel verilerini her t\u00fcrl\u00fc yaz\u0131l\u0131, s\u00f6zl\u00fc ve elektronik mecralardan, \u00fc\u00e7\u00fcnc\u00fc ki\u015filerden ve yasal mercilerden temin edebilmektedir.<\/p><p><strong>\u0130\u015eLENEN K\u0130\u015e\u0130SEL VER\u0130LER\u0130N AKTARIMI<\/strong><\/p><p>EVAPORAT\u0130F A.\u015e.\u2019n\u0131n hizmet ve \u00fcr\u00fcn\u00fc sa\u011flamas\u0131 amac\u0131yla hizmet ald\u0131\u011f\u0131 yurti\u00e7i ve yurtd\u0131\u015f\u0131ndaki \u00fc\u00e7\u00fcnc\u00fc ki\u015filerle, EVAPORAT\u0130F A.\u015e.\u2019n\u0131n yurtd\u0131\u015f\u0131ndaki birimleriyle, gizlilik s\u00f6zle\u015fmesi yapmak se\u00e7imi EVAPORAT\u0130F A.\u015e.\u2019na ait olmak \u00fczere hizmet ve\/veya dan\u0131\u015fmanl\u0131k ald\u0131\u011f\u0131 ki\u015fi ve kurumlar, s\u00f6zle\u015fme imzalad\u0131\u011f\u0131 i\u015f ortaklar\u0131yla, ortak \u00e7al\u0131\u015fmalar yapt\u0131\u011f\u0131 \u00fc\u00e7\u00fcnc\u00fc ki\u015filerle payla\u015fabilmektedir.<\/p><p>EVAPORAT\u0130F A.\u015e.\u2019n\u0131n m\u00fc\u015fterileri ile ger\u00e7ekle\u015ftirdi\u011fi i\u015flemlere ili\u015fkin kay\u0131t ve belgeleri yasal d\u00fczenlemeler kapsam\u0131nda belirli bir s\u00fcre ile saklamas\u0131 s\u00f6z konusu olup; ki\u015fisel verilerinizin silinmesini veya yok edilmesini ya da anonimle\u015ftirilmesini istemeniz halinde bu talebiniz EVAPORAT\u0130F A.\u015e. taraf\u0131ndan yasal d\u00fczenlemeler ile belirlenen s\u00fcre sonunda yerine getirilebilecek; ancak bu s\u00fcre zarf\u0131nda ki\u015fisel verileriniz EVAPORAT\u0130F A.\u015e. taraf\u0131ndan i\u015flenmeyecek ve ulusal ve uluslararas\u0131 yasa, d\u00fczenleme ve s\u00f6zle\u015fmelerden kaynakl\u0131 zorunluluklar haricinde 3. ki\u015filer ile payla\u015f\u0131lmayacakt\u0131r.<\/p><p><strong>K\u0130\u015e\u0130SEL VER\u0130S\u0130 \u0130\u015eLENEN \u0130LG\u0130L\u0130 K\u0130\u015e\u0130N\u0130N HAKLARI<\/strong><\/p><p>\u0130\u015fbu S\u00f6zle\u015fme\u2019nin taraf\u0131n\u0131n ger\u00e7ek ki\u015fi olmas\u0131 halinde M\u00fc\u015fteri, t\u00fczel ki\u015fi olmas\u0131 halinde ise M\u00fc\u015fteri\u2019nin yetkilileri, ki\u015fisel verilerine ili\u015fkin olarak, KVKK h\u00fck\u00fcmleri uyar\u0131nca, 7 Ekim 2016 tarihi itibariyle, EVAPORAT\u0130F A.\u015e.\u2019na ba\u015fvurarak a\u015fa\u011f\u0131daki haklar\u0131n\u0131 kullanabilir:<\/p><ul><li>Ki\u015fisel veri i\u015flenip i\u015flenmedi\u011fini \u00f6\u011frenme,<\/li><li>Ki\u015fisel verileri i\u015flenmi\u015fse buna ili\u015fkin bilgi talep etme,<\/li><li>Ki\u015fisel verilerin i\u015flenme amac\u0131n\u0131 ve bunlar\u0131n amac\u0131na uygun kullan\u0131l\u0131p kullan\u0131lmad\u0131\u011f\u0131n\u0131 \u00f6\u011frenme,<\/li><li>Yurt i\u00e7inde veya yurt d\u0131\u015f\u0131nda ki\u015fisel verilerin aktar\u0131ld\u0131\u011f\u0131 \u00fc\u00e7\u00fcnc\u00fc ki\u015fileri bilme,<\/li><li>Ki\u015fisel verilerin eksik veya yanl\u0131\u015f i\u015flenmi\u015f olmas\u0131 h\u00e2linde bunlar\u0131n d\u00fczeltilmesini isteme,<\/li><li>Ki\u015fisel verilerin silinmesini veya yok edilmesini isteme,<\/li><li>Ki\u015fisel verilerin d\u00fczeltilmesi, silinmesi ya da yok edilmesi halinde bu i\u015flemlerin ki\u015fisel verilerin aktar\u0131ld\u0131\u011f\u0131 \u00fc\u00e7\u00fcnc\u00fc ki\u015filere bildirilmesini isteme,<\/li><li>\u0130\u015flenen verilerin m\u00fcnhas\u0131ran otomatik sistemler vas\u0131tas\u0131yla analiz edilmesi suretiyle ki\u015finin kendisi aleyhine bir sonucun ortaya \u00e7\u0131kmas\u0131na itiraz etme,<\/li><li>Ki\u015fisel verilerin kanuna ayk\u0131r\u0131 olarak i\u015flenmesi sebebiyle zarara u\u011framas\u0131 h\u00e2linde zarar\u0131n giderilmesini talep etme.<\/li><\/ul><p>Bu kapsamda iletilen talepler EVAPORAT\u0130F A.\u015e. taraf\u0131ndan en ge\u00e7 otuz g\u00fcn i\u00e7inde \u00fccretsiz olarak sonu\u00e7land\u0131racakt\u0131r. Ancak, Ki\u015fisel Verileri Koruma Kurulunca bir \u00fccret \u00f6ng\u00f6r\u00fclmesi halinde,<\/p><p>\u015eirketimiz taraf\u0131ndan belirlenen tarifedeki \u00fccret al\u0131nacakt\u0131r.<\/p><p><strong>TALEPLER\u0130N\u0130Z \u0130\u00c7\u0130N B\u0130Z\u0130MLE \u0130LET\u0130\u015e\u0130ME GE\u00c7MEK \u0130STERSEN\u0130Z<\/strong><\/p><p>6698 Say\u0131l\u0131 Kanun kapsam\u0131nda bizimle ileti\u015fime ge\u00e7mek, geri bildirimde bulunmak ya da sorular\u0131n\u0131z\u0131 y\u00f6neltmek isterseniz, kimli\u011finizi te\u015fvik edici belgeler ve talebinizi i\u00e7eren dilek\u00e7eniz ile K\u0131n\u0131kl\u0131 Mah. H\u00fcseyin Y\u0131lmaz Cad. No:67\/2 Pa\u00fc Teknokent Binas\u0131 B Blok G.15 20160 Pamukkale \/ Denizli adresine bizzat elden iletebilir, noter kanal\u0131yla ula\u015ft\u0131rabilir veya info@evaporatif.com.tr adresine g\u00fcvenli elektronik imzal\u0131 olarak iletebilirsiniz.<\/p><p>Bu kapsamda konuyla ilgili yap\u0131lacak olan yaz\u0131l\u0131 ba\u015fvurular taraf\u0131m\u0131zdan yap\u0131lacak olan kimlik do\u011frulamas\u0131n\u0131 takiben kabul edilecek olup, ilgililere yasal s\u00fcreler i\u00e7erisinde geri d\u00f6n\u00fc\u015fte bulunulacakt\u0131r.<\/p>\t\t\t\t\t\t\t\t<\/div>\n\t\t\t\t<\/div>\n\t\t\t\t\t<\/div>\n\t\t<\/div>\n\t\t\t\t\t<\/div>\n\t\t<\/section>\n\t\t\t\t<\/div>\n\t\t","protected":false},"excerpt":{"rendered":"<p>Ana Sayfa &gt; K\u0130\u015e\u0130SEL VER\u0130LER\u0130N KORUNMASI AYDINLATMA METN\u0130 Ki\u015fisel verilerin i\u015flenmesinde ba\u015fta \u00f6zel hayat\u0131n gizlili\u011fi olmak \u00fczere ki\u015filerin temel hak ve \u00f6zg\u00fcrl\u00fcklerini korumak ve ki\u015fisel verileri i\u015fleyen ger\u00e7ek ve t\u00fczel ki\u015filerin y\u00fck\u00fcml\u00fcl\u00fckleri belirlemek amac\u0131yla 7 Nisan 2016 tarihli ve 29677 Say\u0131l\u0131 Resm\u00ee Gazete\u2019de yay\u0131mlanan 6698 say\u0131l\u0131 Ki\u015fisel Verilerin Korunmas\u0131 Kanunu (KVKK) hususunda EVAPORAT\u0130F A.\u015e. olarak [&hellip;]<\/p>\n","protected":false},"author":1,"featured_media":0,"parent":0,"menu_order":0,"comment_status":"closed","ping_status":"closed","template":"elementor_header_footer","meta":{"footnotes":""},"class_list":["post-340","page","type-page","status-publish","hentry"],"aioseo_notices":[],"_links":{"self":[{"href":"https:\/\/www.evaporatif.com.tr\/sr\/wp-json\/wp\/v2\/pages\/340","targetHints":{"allow":["GET"]}}],"collection":[{"href":"https:\/\/www.evaporatif.com.tr\/sr\/wp-json\/wp\/v2\/pages"}],"about":[{"href":"https:\/\/www.evaporatif.com.tr\/sr\/wp-json\/wp\/v2\/types\/page"}],"author":[{"embeddable":true,"href":"https:\/\/www.evaporatif.com.tr\/sr\/wp-json\/wp\/v2\/users\/1"}],"replies":[{"embeddable":true,"href":"https:\/\/www.evaporatif.com.tr\/sr\/wp-json\/wp\/v2\/comments?post=340"}],"version-history":[{"count":11,"href":"https:\/\/www.evaporatif.com.tr\/sr\/wp-json\/wp\/v2\/pages\/340\/revisions"}],"predecessor-version":[{"id":1021,"href":"https:\/\/www.evaporatif.com.tr\/sr\/wp-json\/wp\/v2\/pages\/340\/revisions\/1021"}],"wp:attachment":[{"href":"https:\/\/www.evaporatif.com.tr\/sr\/wp-json\/wp\/v2\/media?parent=340"}],"curies":[{"name":"wp","href":"https:\/\/api.w.org\/{rel}","templated":true}]}}